{"id":99,"date":"2024-09-07T10:03:19","date_gmt":"2024-09-07T08:03:19","guid":{"rendered":"https:\/\/www.impulsionc.be\/?page_id=99"},"modified":"2024-09-23T20:20:22","modified_gmt":"2024-09-23T18:20:22","slug":"cedric-du-monceau","status":"publish","type":"page","link":"https:\/\/www.impulsionc.be\/index.php\/nos-candidats\/cedric-du-monceau\/","title":{"rendered":"C\u00e9dric du Monceau"},"content":{"rendered":"\n<div class=\"wp-block-media-text is-stacked-on-mobile\"><figure class=\"wp-block-media-text__media\"><img loading=\"lazy\" decoding=\"async\" width=\"625\" height=\"625\" src=\"https:\/\/www.impulsionc.be\/wp-content\/uploads\/2024\/09\/Cedric-Dumonceau.jpg\" alt=\"\" class=\"wp-image-100 size-full\" srcset=\"https:\/\/www.impulsionc.be\/wp-content\/uploads\/2024\/09\/Cedric-Dumonceau.jpg 625w, https:\/\/www.impulsionc.be\/wp-content\/uploads\/2024\/09\/Cedric-Dumonceau-300x300.jpg 300w, https:\/\/www.impulsionc.be\/wp-content\/uploads\/2024\/09\/Cedric-Dumonceau-150x150.jpg 150w, https:\/\/www.impulsionc.be\/wp-content\/uploads\/2024\/09\/Cedric-Dumonceau-200x200.jpg 200w\" sizes=\"auto, (max-width: 625px) 100vw, 625px\" \/><\/figure><div class=\"wp-block-media-text__content\">\n<p>68 ans, mari\u00e9 3 enfants<\/p>\n\n\n\n<p>Le Stimont (Ottignies plateau de LLN)<\/p>\n\n\n\n<p>Pr\u00e9sident du Conseil depuis 2021<\/p>\n\n\n\n<p>1<sup>er<\/sup> Echevin de 2007 \u00e0 2020<\/p>\n\n\n\n<p>Candidat Bourgmestre<\/p>\n<\/div><\/div>\n\n\n\n<p>Je me pr\u00e9sente \u00e0 vous \u00e0 la fonction de Bourgmestre de notre Ville pour mener demain une politique plus exigeante et conviviale.<\/p>\n\n\n\n<p>Fort d\u2019une carri\u00e8re riche et diversifi\u00e9e, ici et \u00e0 l\u2019\u00e9tranger, dans le secteur priv\u00e9 et public, mais aussi au sein de notre commune, ma vie est toujours d\u2019\u00eatre au service de projets et de politiques soci\u00e9tales au b\u00e9n\u00e9fice de tous.&nbsp; Mon parcours (D\u00e9couvrez-le sur Wikip\u00e9dia&nbsp;\ud83d\ude09) m\u2019a notamment conduit \u00e0 la direction du WWF-France, ONG majeure dans la protection de l\u2019environnement.<\/p>\n\n\n\n<p>Aujourd\u2019hui, notre Ville Universitaire doit relever de nouveaux d\u00e9fis. Nous pouvons faire mieux pour l\u2019environnement, la justice sociale ou la qualit\u00e9 de vie de nos citoyen.nes. Il est temps de raviver notre dynamisme, d\u2019oser des initiatives avant-gardistes et de retrouver une fiscalit\u00e9 exemplaire, bien en de\u00e7\u00e0 de la moyenne du Brabant Wallon, en corrigeant la taxation actuelle, trop lourde.<\/p>\n\n\n\n<p>Beaucoup me connaissent d\u00e9j\u00e0, et savent que je suis \u00e0 l\u2019\u00e9coute de chacun.e.<br>Mon exp\u00e9rience m\u2019a appris \u00e0 ne pas chercher \u00e0 plaire, mais \u00e0 \u00eatre juste. \u00c9couter pour comprendre et agir dans l\u2019int\u00e9r\u00eat collectif, avec une vision respectueuse des g\u00e9n\u00e9rations futures&nbsp;: voil\u00e0 mon engagement&nbsp;!<\/p>\n\n\n\n<p>Le 13 octobre, comptez sur moi, comme je compte sur vous, pour faire avancer notre Ville, avec passion et engagement, comme je l\u2019ai toujours fait.<\/p>\n\n\n\n<p>Ensemble, \u00e9crivons un nouveau chapitre pour notre Ville.<\/p>\n\n\n\n<p><strong>Mes 3 mati\u00e8res de pr\u00e9dilection&nbsp;:<\/strong><\/p>\n\n\n\n<ul class=\"wp-block-list\">\n<li>Am\u00e9nagement du territoire (Mobilit\u00e9, Logement et Environnement)<\/li>\n\n\n\n<li>Associatif et Vivre ensemble (Affaires sociales).<\/li>\n\n\n\n<li>Coordination et pilotage strat\u00e9gique du Projet de Ville ainsi que son rayonnement<\/li>\n<\/ul>\n","protected":false},"excerpt":{"rendered":"<p>68 ans, mari\u00e9 3 enfants Le Stimont (Ottignies plateau de LLN) Pr\u00e9sident du Conseil depuis 2021 1er Echevin de 2007 \u00e0 2020 Candidat Bourgmestre Je me&#46;&#46;&#46;<\/p>\n","protected":false},"author":1,"featured_media":0,"parent":56,"menu_order":0,"comment_status":"closed","ping_status":"closed","template":"","meta":{"footnotes":""},"class_list":["post-99","page","type-page","status-publish","hentry"],"yoast_head":"<!-- This site is optimized with the Yoast SEO plugin v23.2 - https:\/\/yoast.com\/wordpress\/plugins\/seo\/ -->\n<title>C\u00e9dric du Monceau - ImpulsionC<\/title>\n<meta name=\"robots\" content=\"index, follow, max-snippet:-1, max-image-preview:large, max-video-preview:-1\" \/>\n<link rel=\"canonical\" href=\"https:\/\/www.impulsionc.be\/index.php\/nos-candidats\/cedric-du-monceau\/\" \/>\n<meta property=\"og:locale\" content=\"fr_FR\" \/>\n<meta property=\"og:type\" content=\"article\" \/>\n<meta property=\"og:title\" content=\"C\u00e9dric du Monceau - ImpulsionC\" \/>\n<meta property=\"og:description\" content=\"68 ans, mari\u00e9 3 enfants Le Stimont (Ottignies plateau de LLN) Pr\u00e9sident du Conseil depuis 2021 1er Echevin de 2007 \u00e0 2020 Candidat Bourgmestre Je me&#046;&#046;&#046;\" \/>\n<meta property=\"og:url\" content=\"https:\/\/www.impulsionc.be\/index.php\/nos-candidats\/cedric-du-monceau\/\" \/>\n<meta property=\"og:site_name\" content=\"ImpulsionC\" \/>\n<meta property=\"article:publisher\" content=\"https:\/\/www.facebook.com\/people\/ImpulsionC\/61550514569117\/\" \/>\n<meta property=\"article:modified_time\" content=\"2024-09-23T18:20:22+00:00\" \/>\n<meta property=\"og:image\" content=\"https:\/\/www.impulsionc.be\/wp-content\/uploads\/2024\/09\/Cedric-Dumonceau.jpg\" \/>\n<meta name=\"twitter:card\" content=\"summary_large_image\" \/>\n<meta name=\"twitter:label1\" content=\"Dur\u00e9e de lecture estim\u00e9e\" \/>\n\t<meta name=\"twitter:data1\" content=\"2 minutes\" \/>\n<script type=\"application\/ld+json\" class=\"yoast-schema-graph\">{\"@context\":\"https:\/\/schema.org\",\"@graph\":[{\"@type\":\"WebPage\",\"@id\":\"https:\/\/www.impulsionc.be\/index.php\/nos-candidats\/cedric-du-monceau\/\",\"url\":\"https:\/\/www.impulsionc.be\/index.php\/nos-candidats\/cedric-du-monceau\/\",\"name\":\"C\u00e9dric du Monceau - ImpulsionC\",\"isPartOf\":{\"@id\":\"https:\/\/www.impulsionc.be\/#website\"},\"primaryImageOfPage\":{\"@id\":\"https:\/\/www.impulsionc.be\/index.php\/nos-candidats\/cedric-du-monceau\/#primaryimage\"},\"image\":{\"@id\":\"https:\/\/www.impulsionc.be\/index.php\/nos-candidats\/cedric-du-monceau\/#primaryimage\"},\"thumbnailUrl\":\"https:\/\/www.impulsionc.be\/wp-content\/uploads\/2024\/09\/Cedric-Dumonceau.jpg\",\"datePublished\":\"2024-09-07T08:03:19+00:00\",\"dateModified\":\"2024-09-23T18:20:22+00:00\",\"breadcrumb\":{\"@id\":\"https:\/\/www.impulsionc.be\/index.php\/nos-candidats\/cedric-du-monceau\/#breadcrumb\"},\"inLanguage\":\"fr-FR\",\"potentialAction\":[{\"@type\":\"ReadAction\",\"target\":[\"https:\/\/www.impulsionc.be\/index.php\/nos-candidats\/cedric-du-monceau\/\"]}]},{\"@type\":\"ImageObject\",\"inLanguage\":\"fr-FR\",\"@id\":\"https:\/\/www.impulsionc.be\/index.php\/nos-candidats\/cedric-du-monceau\/#primaryimage\",\"url\":\"https:\/\/www.impulsionc.be\/wp-content\/uploads\/2024\/09\/Cedric-Dumonceau.jpg\",\"contentUrl\":\"https:\/\/www.impulsionc.be\/wp-content\/uploads\/2024\/09\/Cedric-Dumonceau.jpg\",\"width\":625,\"height\":625},{\"@type\":\"BreadcrumbList\",\"@id\":\"https:\/\/www.impulsionc.be\/index.php\/nos-candidats\/cedric-du-monceau\/#breadcrumb\",\"itemListElement\":[{\"@type\":\"ListItem\",\"position\":1,\"name\":\"Accueil\",\"item\":\"https:\/\/www.impulsionc.be\/\"},{\"@type\":\"ListItem\",\"position\":2,\"name\":\"Nos candidats\",\"item\":\"https:\/\/www.impulsionc.be\/index.php\/nos-candidats\/\"},{\"@type\":\"ListItem\",\"position\":3,\"name\":\"C\u00e9dric du Monceau\"}]},{\"@type\":\"WebSite\",\"@id\":\"https:\/\/www.impulsionc.be\/#website\",\"url\":\"https:\/\/www.impulsionc.be\/\",\"name\":\"ImpulsionC\",\"description\":\"C\u2019est au quotidien qu\u2019on change les choses\",\"publisher\":{\"@id\":\"https:\/\/www.impulsionc.be\/#organization\"},\"potentialAction\":[{\"@type\":\"SearchAction\",\"target\":{\"@type\":\"EntryPoint\",\"urlTemplate\":\"https:\/\/www.impulsionc.be\/?s={search_term_string}\"},\"query-input\":\"required name=search_term_string\"}],\"inLanguage\":\"fr-FR\"},{\"@type\":\"Organization\",\"@id\":\"https:\/\/www.impulsionc.be\/#organization\",\"name\":\"ImpulsionC\",\"url\":\"https:\/\/www.impulsionc.be\/\",\"logo\":{\"@type\":\"ImageObject\",\"inLanguage\":\"fr-FR\",\"@id\":\"https:\/\/www.impulsionc.be\/#\/schema\/logo\/image\/\",\"url\":\"https:\/\/www.impulsionc.be\/wp-content\/uploads\/2024\/09\/cropped-cropped-Logo-couleur-baseline.png\",\"contentUrl\":\"https:\/\/www.impulsionc.be\/wp-content\/uploads\/2024\/09\/cropped-cropped-Logo-couleur-baseline.png\",\"width\":914,\"height\":241,\"caption\":\"ImpulsionC\"},\"image\":{\"@id\":\"https:\/\/www.impulsionc.be\/#\/schema\/logo\/image\/\"},\"sameAs\":[\"https:\/\/www.facebook.com\/people\/ImpulsionC\/61550514569117\/\"]}]}<\/script>\n<!-- \/ Yoast SEO plugin. -->","yoast_head_json":{"title":"C\u00e9dric du Monceau - ImpulsionC","robots":{"index":"index","follow":"follow","max-snippet":"max-snippet:-1","max-image-preview":"max-image-preview:large","max-video-preview":"max-video-preview:-1"},"canonical":"https:\/\/www.impulsionc.be\/index.php\/nos-candidats\/cedric-du-monceau\/","og_locale":"fr_FR","og_type":"article","og_title":"C\u00e9dric du Monceau - ImpulsionC","og_description":"68 ans, mari\u00e9 3 enfants Le Stimont (Ottignies plateau de LLN) Pr\u00e9sident du Conseil depuis 2021 1er Echevin de 2007 \u00e0 2020 Candidat Bourgmestre Je me&#46;&#46;&#46;","og_url":"https:\/\/www.impulsionc.be\/index.php\/nos-candidats\/cedric-du-monceau\/","og_site_name":"ImpulsionC","article_publisher":"https:\/\/www.facebook.com\/people\/ImpulsionC\/61550514569117\/","article_modified_time":"2024-09-23T18:20:22+00:00","og_image":[{"url":"https:\/\/www.impulsionc.be\/wp-content\/uploads\/2024\/09\/Cedric-Dumonceau.jpg"}],"twitter_card":"summary_large_image","twitter_misc":{"Dur\u00e9e de lecture estim\u00e9e":"2 minutes"},"schema":{"@context":"https:\/\/schema.org","@graph":[{"@type":"WebPage","@id":"https:\/\/www.impulsionc.be\/index.php\/nos-candidats\/cedric-du-monceau\/","url":"https:\/\/www.impulsionc.be\/index.php\/nos-candidats\/cedric-du-monceau\/","name":"C\u00e9dric du Monceau - ImpulsionC","isPartOf":{"@id":"https:\/\/www.impulsionc.be\/#website"},"primaryImageOfPage":{"@id":"https:\/\/www.impulsionc.be\/index.php\/nos-candidats\/cedric-du-monceau\/#primaryimage"},"image":{"@id":"https:\/\/www.impulsionc.be\/index.php\/nos-candidats\/cedric-du-monceau\/#primaryimage"},"thumbnailUrl":"https:\/\/www.impulsionc.be\/wp-content\/uploads\/2024\/09\/Cedric-Dumonceau.jpg","datePublished":"2024-09-07T08:03:19+00:00","dateModified":"2024-09-23T18:20:22+00:00","breadcrumb":{"@id":"https:\/\/www.impulsionc.be\/index.php\/nos-candidats\/cedric-du-monceau\/#breadcrumb"},"inLanguage":"fr-FR","potentialAction":[{"@type":"ReadAction","target":["https:\/\/www.impulsionc.be\/index.php\/nos-candidats\/cedric-du-monceau\/"]}]},{"@type":"ImageObject","inLanguage":"fr-FR","@id":"https:\/\/www.impulsionc.be\/index.php\/nos-candidats\/cedric-du-monceau\/#primaryimage","url":"https:\/\/www.impulsionc.be\/wp-content\/uploads\/2024\/09\/Cedric-Dumonceau.jpg","contentUrl":"https:\/\/www.impulsionc.be\/wp-content\/uploads\/2024\/09\/Cedric-Dumonceau.jpg","width":625,"height":625},{"@type":"BreadcrumbList","@id":"https:\/\/www.impulsionc.be\/index.php\/nos-candidats\/cedric-du-monceau\/#breadcrumb","itemListElement":[{"@type":"ListItem","position":1,"name":"Accueil","item":"https:\/\/www.impulsionc.be\/"},{"@type":"ListItem","position":2,"name":"Nos candidats","item":"https:\/\/www.impulsionc.be\/index.php\/nos-candidats\/"},{"@type":"ListItem","position":3,"name":"C\u00e9dric du Monceau"}]},{"@type":"WebSite","@id":"https:\/\/www.impulsionc.be\/#website","url":"https:\/\/www.impulsionc.be\/","name":"ImpulsionC","description":"C\u2019est au quotidien qu\u2019on change les choses","publisher":{"@id":"https:\/\/www.impulsionc.be\/#organization"},"potentialAction":[{"@type":"SearchAction","target":{"@type":"EntryPoint","urlTemplate":"https:\/\/www.impulsionc.be\/?s={search_term_string}"},"query-input":"required name=search_term_string"}],"inLanguage":"fr-FR"},{"@type":"Organization","@id":"https:\/\/www.impulsionc.be\/#organization","name":"ImpulsionC","url":"https:\/\/www.impulsionc.be\/","logo":{"@type":"ImageObject","inLanguage":"fr-FR","@id":"https:\/\/www.impulsionc.be\/#\/schema\/logo\/image\/","url":"https:\/\/www.impulsionc.be\/wp-content\/uploads\/2024\/09\/cropped-cropped-Logo-couleur-baseline.png","contentUrl":"https:\/\/www.impulsionc.be\/wp-content\/uploads\/2024\/09\/cropped-cropped-Logo-couleur-baseline.png","width":914,"height":241,"caption":"ImpulsionC"},"image":{"@id":"https:\/\/www.impulsionc.be\/#\/schema\/logo\/image\/"},"sameAs":["https:\/\/www.facebook.com\/people\/ImpulsionC\/61550514569117\/"]}]}},"_links":{"self":[{"href":"https:\/\/www.impulsionc.be\/index.php\/wp-json\/wp\/v2\/pages\/99","targetHints":{"allow":["GET"]}}],"collection":[{"href":"https:\/\/www.impulsionc.be\/index.php\/wp-json\/wp\/v2\/pages"}],"about":[{"href":"https:\/\/www.impulsionc.be\/index.php\/wp-json\/wp\/v2\/types\/page"}],"author":[{"embeddable":true,"href":"https:\/\/www.impulsionc.be\/index.php\/wp-json\/wp\/v2\/users\/1"}],"replies":[{"embeddable":true,"href":"https:\/\/www.impulsionc.be\/index.php\/wp-json\/wp\/v2\/comments?post=99"}],"version-history":[{"count":2,"href":"https:\/\/www.impulsionc.be\/index.php\/wp-json\/wp\/v2\/pages\/99\/revisions"}],"predecessor-version":[{"id":214,"href":"https:\/\/www.impulsionc.be\/index.php\/wp-json\/wp\/v2\/pages\/99\/revisions\/214"}],"up":[{"embeddable":true,"href":"https:\/\/www.impulsionc.be\/index.php\/wp-json\/wp\/v2\/pages\/56"}],"wp:attachment":[{"href":"https:\/\/www.impulsionc.be\/index.php\/wp-json\/wp\/v2\/media?parent=99"}],"curies":[{"name":"wp","href":"https:\/\/api.w.org\/{rel}","templated":true}]}}