{"id":312,"date":"2024-09-26T16:27:04","date_gmt":"2024-09-26T14:27:04","guid":{"rendered":"https:\/\/www.impulsionc.be\/?page_id=312"},"modified":"2024-09-26T16:53:46","modified_gmt":"2024-09-26T14:53:46","slug":"notre-programme-2","status":"publish","type":"page","link":"https:\/\/www.impulsionc.be\/index.php\/notre-programme-2\/","title":{"rendered":"Notre programme"},"content":{"rendered":"\n<p>Consultez ou t\u00e9l\u00e9chargez ci-dessous le programme que le nouveau mouvement politique Impulsion C se propose de mettre en \u0153uvre \u00e0 l\u2019issue des \u00e9lections communales du 13 octobre 2024.<\/p>\n\n\n\n<figure class=\"wp-block-image size-large is-resized\"><a href=\"http:\/\/www.impulsionc.be\/wp-content\/uploads\/2024\/09\/Programme-ImpulsionC-2024-2030.pdf\"><img loading=\"lazy\" decoding=\"async\" width=\"1024\" height=\"720\" src=\"http:\/\/www.impulsionc.be\/wp-content\/uploads\/2024\/09\/Capture-decran-2024-09-26-a-16.39.02-1024x720.png\" alt=\"\" class=\"wp-image-325\" style=\"width:834px;height:auto\" srcset=\"https:\/\/www.impulsionc.be\/wp-content\/uploads\/2024\/09\/Capture-decran-2024-09-26-a-16.39.02-1024x720.png 1024w, https:\/\/www.impulsionc.be\/wp-content\/uploads\/2024\/09\/Capture-decran-2024-09-26-a-16.39.02-300x211.png 300w, https:\/\/www.impulsionc.be\/wp-content\/uploads\/2024\/09\/Capture-decran-2024-09-26-a-16.39.02-768x540.png 768w, https:\/\/www.impulsionc.be\/wp-content\/uploads\/2024\/09\/Capture-decran-2024-09-26-a-16.39.02-1536x1080.png 1536w, https:\/\/www.impulsionc.be\/wp-content\/uploads\/2024\/09\/Capture-decran-2024-09-26-a-16.39.02-2048x1440.png 2048w\" sizes=\"auto, (max-width: 1024px) 100vw, 1024px\" \/><\/a><\/figure>\n\n\n\n<p>\u00c7a ne s&rsquo;ouvre pas? Maintenez un appui long sur l&rsquo;image ci-dessus pour y acc\u00e9der !<\/p>\n","protected":false},"excerpt":{"rendered":"<p>Consultez ou t\u00e9l\u00e9chargez ci-dessous le programme que le nouveau mouvement politique Impulsion C se propose de mettre en \u0153uvre \u00e0 l\u2019issue des \u00e9lections communales du 13&#46;&#46;&#46;<\/p>\n","protected":false},"author":1,"featured_media":0,"parent":0,"menu_order":0,"comment_status":"closed","ping_status":"closed","template":"","meta":{"footnotes":""},"class_list":["post-312","page","type-page","status-publish","hentry"],"yoast_head":"<!-- This site is optimized with the Yoast SEO plugin v23.2 - https:\/\/yoast.com\/wordpress\/plugins\/seo\/ -->\n<title>Notre programme - ImpulsionC<\/title>\n<meta name=\"robots\" content=\"index, follow, max-snippet:-1, max-image-preview:large, max-video-preview:-1\" \/>\n<link rel=\"canonical\" href=\"https:\/\/www.impulsionc.be\/index.php\/notre-programme-2\/\" \/>\n<meta property=\"og:locale\" content=\"fr_FR\" \/>\n<meta property=\"og:type\" content=\"article\" \/>\n<meta property=\"og:title\" content=\"Notre programme - ImpulsionC\" \/>\n<meta property=\"og:description\" content=\"Consultez ou t\u00e9l\u00e9chargez ci-dessous le programme que le nouveau mouvement politique Impulsion C se propose de mettre en \u0153uvre \u00e0 l\u2019issue des \u00e9lections communales du 13&#046;&#046;&#046;\" \/>\n<meta property=\"og:url\" content=\"https:\/\/www.impulsionc.be\/index.php\/notre-programme-2\/\" \/>\n<meta property=\"og:site_name\" content=\"ImpulsionC\" \/>\n<meta property=\"article:publisher\" content=\"https:\/\/www.facebook.com\/people\/ImpulsionC\/61550514569117\/\" \/>\n<meta property=\"article:modified_time\" content=\"2024-09-26T14:53:46+00:00\" \/>\n<meta property=\"og:image\" content=\"http:\/\/www.impulsionc.be\/wp-content\/uploads\/2024\/09\/Capture-decran-2024-09-26-a-16.39.02-1024x720.png\" \/>\n<meta name=\"twitter:card\" content=\"summary_large_image\" \/>\n<meta name=\"twitter:label1\" content=\"Dur\u00e9e de lecture estim\u00e9e\" \/>\n\t<meta name=\"twitter:data1\" content=\"1 minute\" \/>\n<script type=\"application\/ld+json\" class=\"yoast-schema-graph\">{\"@context\":\"https:\/\/schema.org\",\"@graph\":[{\"@type\":\"WebPage\",\"@id\":\"https:\/\/www.impulsionc.be\/index.php\/notre-programme-2\/\",\"url\":\"https:\/\/www.impulsionc.be\/index.php\/notre-programme-2\/\",\"name\":\"Notre programme - ImpulsionC\",\"isPartOf\":{\"@id\":\"https:\/\/www.impulsionc.be\/#website\"},\"primaryImageOfPage\":{\"@id\":\"https:\/\/www.impulsionc.be\/index.php\/notre-programme-2\/#primaryimage\"},\"image\":{\"@id\":\"https:\/\/www.impulsionc.be\/index.php\/notre-programme-2\/#primaryimage\"},\"thumbnailUrl\":\"http:\/\/www.impulsionc.be\/wp-content\/uploads\/2024\/09\/Capture-decran-2024-09-26-a-16.39.02-1024x720.png\",\"datePublished\":\"2024-09-26T14:27:04+00:00\",\"dateModified\":\"2024-09-26T14:53:46+00:00\",\"breadcrumb\":{\"@id\":\"https:\/\/www.impulsionc.be\/index.php\/notre-programme-2\/#breadcrumb\"},\"inLanguage\":\"fr-FR\",\"potentialAction\":[{\"@type\":\"ReadAction\",\"target\":[\"https:\/\/www.impulsionc.be\/index.php\/notre-programme-2\/\"]}]},{\"@type\":\"ImageObject\",\"inLanguage\":\"fr-FR\",\"@id\":\"https:\/\/www.impulsionc.be\/index.php\/notre-programme-2\/#primaryimage\",\"url\":\"https:\/\/www.impulsionc.be\/wp-content\/uploads\/2024\/09\/Capture-decran-2024-09-26-a-16.39.02.png\",\"contentUrl\":\"https:\/\/www.impulsionc.be\/wp-content\/uploads\/2024\/09\/Capture-decran-2024-09-26-a-16.39.02.png\",\"width\":2552,\"height\":1794},{\"@type\":\"BreadcrumbList\",\"@id\":\"https:\/\/www.impulsionc.be\/index.php\/notre-programme-2\/#breadcrumb\",\"itemListElement\":[{\"@type\":\"ListItem\",\"position\":1,\"name\":\"Accueil\",\"item\":\"https:\/\/www.impulsionc.be\/\"},{\"@type\":\"ListItem\",\"position\":2,\"name\":\"Notre programme\"}]},{\"@type\":\"WebSite\",\"@id\":\"https:\/\/www.impulsionc.be\/#website\",\"url\":\"https:\/\/www.impulsionc.be\/\",\"name\":\"ImpulsionC\",\"description\":\"C\u2019est au quotidien qu\u2019on change les choses\",\"publisher\":{\"@id\":\"https:\/\/www.impulsionc.be\/#organization\"},\"potentialAction\":[{\"@type\":\"SearchAction\",\"target\":{\"@type\":\"EntryPoint\",\"urlTemplate\":\"https:\/\/www.impulsionc.be\/?s={search_term_string}\"},\"query-input\":\"required name=search_term_string\"}],\"inLanguage\":\"fr-FR\"},{\"@type\":\"Organization\",\"@id\":\"https:\/\/www.impulsionc.be\/#organization\",\"name\":\"ImpulsionC\",\"url\":\"https:\/\/www.impulsionc.be\/\",\"logo\":{\"@type\":\"ImageObject\",\"inLanguage\":\"fr-FR\",\"@id\":\"https:\/\/www.impulsionc.be\/#\/schema\/logo\/image\/\",\"url\":\"https:\/\/www.impulsionc.be\/wp-content\/uploads\/2024\/09\/cropped-cropped-Logo-couleur-baseline.png\",\"contentUrl\":\"https:\/\/www.impulsionc.be\/wp-content\/uploads\/2024\/09\/cropped-cropped-Logo-couleur-baseline.png\",\"width\":914,\"height\":241,\"caption\":\"ImpulsionC\"},\"image\":{\"@id\":\"https:\/\/www.impulsionc.be\/#\/schema\/logo\/image\/\"},\"sameAs\":[\"https:\/\/www.facebook.com\/people\/ImpulsionC\/61550514569117\/\"]}]}<\/script>\n<!-- \/ Yoast SEO plugin. -->","yoast_head_json":{"title":"Notre programme - ImpulsionC","robots":{"index":"index","follow":"follow","max-snippet":"max-snippet:-1","max-image-preview":"max-image-preview:large","max-video-preview":"max-video-preview:-1"},"canonical":"https:\/\/www.impulsionc.be\/index.php\/notre-programme-2\/","og_locale":"fr_FR","og_type":"article","og_title":"Notre programme - ImpulsionC","og_description":"Consultez ou t\u00e9l\u00e9chargez ci-dessous le programme que le nouveau mouvement politique Impulsion C se propose de mettre en \u0153uvre \u00e0 l\u2019issue des \u00e9lections communales du 13&#46;&#46;&#46;","og_url":"https:\/\/www.impulsionc.be\/index.php\/notre-programme-2\/","og_site_name":"ImpulsionC","article_publisher":"https:\/\/www.facebook.com\/people\/ImpulsionC\/61550514569117\/","article_modified_time":"2024-09-26T14:53:46+00:00","og_image":[{"url":"http:\/\/www.impulsionc.be\/wp-content\/uploads\/2024\/09\/Capture-decran-2024-09-26-a-16.39.02-1024x720.png"}],"twitter_card":"summary_large_image","twitter_misc":{"Dur\u00e9e de lecture estim\u00e9e":"1 minute"},"schema":{"@context":"https:\/\/schema.org","@graph":[{"@type":"WebPage","@id":"https:\/\/www.impulsionc.be\/index.php\/notre-programme-2\/","url":"https:\/\/www.impulsionc.be\/index.php\/notre-programme-2\/","name":"Notre programme - ImpulsionC","isPartOf":{"@id":"https:\/\/www.impulsionc.be\/#website"},"primaryImageOfPage":{"@id":"https:\/\/www.impulsionc.be\/index.php\/notre-programme-2\/#primaryimage"},"image":{"@id":"https:\/\/www.impulsionc.be\/index.php\/notre-programme-2\/#primaryimage"},"thumbnailUrl":"http:\/\/www.impulsionc.be\/wp-content\/uploads\/2024\/09\/Capture-decran-2024-09-26-a-16.39.02-1024x720.png","datePublished":"2024-09-26T14:27:04+00:00","dateModified":"2024-09-26T14:53:46+00:00","breadcrumb":{"@id":"https:\/\/www.impulsionc.be\/index.php\/notre-programme-2\/#breadcrumb"},"inLanguage":"fr-FR","potentialAction":[{"@type":"ReadAction","target":["https:\/\/www.impulsionc.be\/index.php\/notre-programme-2\/"]}]},{"@type":"ImageObject","inLanguage":"fr-FR","@id":"https:\/\/www.impulsionc.be\/index.php\/notre-programme-2\/#primaryimage","url":"https:\/\/www.impulsionc.be\/wp-content\/uploads\/2024\/09\/Capture-decran-2024-09-26-a-16.39.02.png","contentUrl":"https:\/\/www.impulsionc.be\/wp-content\/uploads\/2024\/09\/Capture-decran-2024-09-26-a-16.39.02.png","width":2552,"height":1794},{"@type":"BreadcrumbList","@id":"https:\/\/www.impulsionc.be\/index.php\/notre-programme-2\/#breadcrumb","itemListElement":[{"@type":"ListItem","position":1,"name":"Accueil","item":"https:\/\/www.impulsionc.be\/"},{"@type":"ListItem","position":2,"name":"Notre programme"}]},{"@type":"WebSite","@id":"https:\/\/www.impulsionc.be\/#website","url":"https:\/\/www.impulsionc.be\/","name":"ImpulsionC","description":"C\u2019est au quotidien qu\u2019on change les choses","publisher":{"@id":"https:\/\/www.impulsionc.be\/#organization"},"potentialAction":[{"@type":"SearchAction","target":{"@type":"EntryPoint","urlTemplate":"https:\/\/www.impulsionc.be\/?s={search_term_string}"},"query-input":"required name=search_term_string"}],"inLanguage":"fr-FR"},{"@type":"Organization","@id":"https:\/\/www.impulsionc.be\/#organization","name":"ImpulsionC","url":"https:\/\/www.impulsionc.be\/","logo":{"@type":"ImageObject","inLanguage":"fr-FR","@id":"https:\/\/www.impulsionc.be\/#\/schema\/logo\/image\/","url":"https:\/\/www.impulsionc.be\/wp-content\/uploads\/2024\/09\/cropped-cropped-Logo-couleur-baseline.png","contentUrl":"https:\/\/www.impulsionc.be\/wp-content\/uploads\/2024\/09\/cropped-cropped-Logo-couleur-baseline.png","width":914,"height":241,"caption":"ImpulsionC"},"image":{"@id":"https:\/\/www.impulsionc.be\/#\/schema\/logo\/image\/"},"sameAs":["https:\/\/www.facebook.com\/people\/ImpulsionC\/61550514569117\/"]}]}},"_links":{"self":[{"href":"https:\/\/www.impulsionc.be\/index.php\/wp-json\/wp\/v2\/pages\/312","targetHints":{"allow":["GET"]}}],"collection":[{"href":"https:\/\/www.impulsionc.be\/index.php\/wp-json\/wp\/v2\/pages"}],"about":[{"href":"https:\/\/www.impulsionc.be\/index.php\/wp-json\/wp\/v2\/types\/page"}],"author":[{"embeddable":true,"href":"https:\/\/www.impulsionc.be\/index.php\/wp-json\/wp\/v2\/users\/1"}],"replies":[{"embeddable":true,"href":"https:\/\/www.impulsionc.be\/index.php\/wp-json\/wp\/v2\/comments?post=312"}],"version-history":[{"count":6,"href":"https:\/\/www.impulsionc.be\/index.php\/wp-json\/wp\/v2\/pages\/312\/revisions"}],"predecessor-version":[{"id":329,"href":"https:\/\/www.impulsionc.be\/index.php\/wp-json\/wp\/v2\/pages\/312\/revisions\/329"}],"wp:attachment":[{"href":"https:\/\/www.impulsionc.be\/index.php\/wp-json\/wp\/v2\/media?parent=312"}],"curies":[{"name":"wp","href":"https:\/\/api.w.org\/{rel}","templated":true}]}}