{"id":190,"date":"2024-09-07T10:03:02","date_gmt":"2024-09-07T08:03:02","guid":{"rendered":"https:\/\/www.impulsionc.be\/?page_id=190"},"modified":"2024-09-25T15:55:35","modified_gmt":"2024-09-25T13:55:35","slug":"bernadette-rassart","status":"publish","type":"page","link":"https:\/\/www.impulsionc.be\/index.php\/nos-candidats\/bernadette-rassart\/","title":{"rendered":"Bernadette Rassart"},"content":{"rendered":"\n<div class=\"wp-block-media-text is-stacked-on-mobile\"><figure class=\"wp-block-media-text__media\"><img loading=\"lazy\" decoding=\"async\" width=\"625\" height=\"625\" src=\"https:\/\/www.impulsionc.be\/wp-content\/uploads\/2024\/09\/Bernadette-Rassart.jpg\" alt=\"\" class=\"wp-image-191 size-full\" srcset=\"https:\/\/www.impulsionc.be\/wp-content\/uploads\/2024\/09\/Bernadette-Rassart.jpg 625w, https:\/\/www.impulsionc.be\/wp-content\/uploads\/2024\/09\/Bernadette-Rassart-300x300.jpg 300w, https:\/\/www.impulsionc.be\/wp-content\/uploads\/2024\/09\/Bernadette-Rassart-150x150.jpg 150w, https:\/\/www.impulsionc.be\/wp-content\/uploads\/2024\/09\/Bernadette-Rassart-200x200.jpg 200w\" sizes=\"auto, (max-width: 625px) 100vw, 625px\" \/><\/figure><div class=\"wp-block-media-text__content\">\n<p>66 ans, c\u00e9libataire<\/p>\n\n\n\n<p>Louvain La Neuve<\/p>\n\n\n\n<p>M\u00e9decin<\/p>\n<\/div><\/div>\n\n\n\n<p>Li\u00e9geoise&nbsp;d\u2019origine, &nbsp;Licenci\u00e9e en Education Physique et Kin\u00e9sith\u00e9rapie UCL, en Kin\u00e9sith\u00e9rapie du sport ULB,&nbsp;Ost\u00e9opathe&nbsp;SBO,&nbsp; Docteure en m\u00e9decine&nbsp;ULi\u00e8ge, Nutrition UPoitiers&nbsp;et UParis\u2026<\/p>\n\n\n\n<p>Engag\u00e9e comme assistante \u00e0 l\u2019UCL-Facult\u00e9 des Sciences de la Motricit\u00e9&nbsp; en 1985 pendant 8 ann\u00e9es , s\u2019est domicili\u00e9e en 1986 \u00e0 LLN et y&nbsp; travaille&nbsp; dans son cabinet m\u00e9dical comme ind\u00e9pendante depuis ce moment.&nbsp;<\/p>\n\n\n\n<p>Le mouvement est pour elle,&nbsp; le principe de la vie.<\/p>\n\n\n\n<p>&nbsp;Sportive, elle a&nbsp; ainsi pratiqu\u00e9 le Basket Ball&nbsp;au Club du Rebond d\u2019Ottignies et est&nbsp; affili\u00e9e depuis 4 ans au Turbo, le&nbsp;Club&nbsp;de Triathlon de Louvain-la-Neuve.<\/p>\n\n\n\n<p>L\u2019OMS (organisation mondiale de la sant\u00e9) d\u00e9finit la sant\u00e9 en ces termes: &nbsp;\u00ab&nbsp;La sant\u00e9 est un \u00e9tat complet de bien-\u00eatre physique, mental et social, et ne consiste pas seulement en une absence de maladie ou d\u2019infirmit\u00e9&nbsp;\u00bb.<\/p>\n\n\n\n<p>Tout en collaborant aux projets communs d\u2019Impulsion C pour am\u00e9liorer le bien-\u00eatre de la population, &nbsp;elle aimerait promouvoir la sant\u00e9, la pr\u00e9vention, la nutrition-sant\u00e9,&nbsp;&nbsp;am\u00e9liorer les propositions d\u2019encadrement et d\u2019accueil de la personne fragilis\u00e9e, stimuler la pratique du sport pour tous jusqu\u2019\u00e0 un \u00e2ge avanc\u00e9, optimiser la mobilit\u00e9\u2026&nbsp;<\/p>\n\n\n\n<p><strong>Ses 3 mati\u00e8res de pr\u00e9dilection<\/strong><\/p>\n\n\n\n<ul class=\"wp-block-list\">\n<li>Sant\u00e9 physique et mentale<\/li>\n<\/ul>\n\n\n\n<ul class=\"wp-block-list\">\n<li>Sport <\/li>\n<\/ul>\n\n\n\n<ul class=\"wp-block-list\">\n<li>Environnement adapt\u00e9, entretenu et s\u00e9curis\u00e9<\/li>\n<\/ul>\n\n\n\n<p><\/p>\n","protected":false},"excerpt":{"rendered":"<p>66 ans, c\u00e9libataire Louvain La Neuve M\u00e9decin Li\u00e9geoise&nbsp;d\u2019origine, &nbsp;Licenci\u00e9e en Education Physique et Kin\u00e9sith\u00e9rapie UCL, en Kin\u00e9sith\u00e9rapie du sport ULB,&nbsp;Ost\u00e9opathe&nbsp;SBO,&nbsp; Docteure en m\u00e9decine&nbsp;ULi\u00e8ge, Nutrition UPoitiers&nbsp;et UParis\u2026&#46;&#46;&#46;<\/p>\n","protected":false},"author":1,"featured_media":0,"parent":56,"menu_order":0,"comment_status":"closed","ping_status":"closed","template":"","meta":{"footnotes":""},"class_list":["post-190","page","type-page","status-publish","hentry"],"yoast_head":"<!-- This site is optimized with the Yoast SEO plugin v23.2 - https:\/\/yoast.com\/wordpress\/plugins\/seo\/ -->\n<title>Bernadette Rassart - ImpulsionC<\/title>\n<meta name=\"robots\" content=\"index, follow, max-snippet:-1, max-image-preview:large, max-video-preview:-1\" \/>\n<link rel=\"canonical\" href=\"https:\/\/www.impulsionc.be\/index.php\/nos-candidats\/bernadette-rassart\/\" \/>\n<meta property=\"og:locale\" content=\"fr_FR\" \/>\n<meta property=\"og:type\" content=\"article\" \/>\n<meta property=\"og:title\" content=\"Bernadette Rassart - ImpulsionC\" \/>\n<meta property=\"og:description\" content=\"66 ans, c\u00e9libataire Louvain La Neuve M\u00e9decin Li\u00e9geoise&nbsp;d\u2019origine, &nbsp;Licenci\u00e9e en Education Physique et Kin\u00e9sith\u00e9rapie UCL, en Kin\u00e9sith\u00e9rapie du sport ULB,&nbsp;Ost\u00e9opathe&nbsp;SBO,&nbsp; Docteure en m\u00e9decine&nbsp;ULi\u00e8ge, Nutrition UPoitiers&nbsp;et UParis\u2026&#046;&#046;&#046;\" \/>\n<meta property=\"og:url\" content=\"https:\/\/www.impulsionc.be\/index.php\/nos-candidats\/bernadette-rassart\/\" \/>\n<meta property=\"og:site_name\" content=\"ImpulsionC\" \/>\n<meta property=\"article:publisher\" content=\"https:\/\/www.facebook.com\/people\/ImpulsionC\/61550514569117\/\" \/>\n<meta property=\"article:modified_time\" content=\"2024-09-25T13:55:35+00:00\" \/>\n<meta property=\"og:image\" content=\"https:\/\/www.impulsionc.be\/wp-content\/uploads\/2024\/09\/Bernadette-Rassart.jpg\" \/>\n<meta name=\"twitter:card\" content=\"summary_large_image\" \/>\n<meta name=\"twitter:label1\" content=\"Dur\u00e9e de lecture estim\u00e9e\" \/>\n\t<meta name=\"twitter:data1\" content=\"2 minutes\" \/>\n<script type=\"application\/ld+json\" class=\"yoast-schema-graph\">{\"@context\":\"https:\/\/schema.org\",\"@graph\":[{\"@type\":\"WebPage\",\"@id\":\"https:\/\/www.impulsionc.be\/index.php\/nos-candidats\/bernadette-rassart\/\",\"url\":\"https:\/\/www.impulsionc.be\/index.php\/nos-candidats\/bernadette-rassart\/\",\"name\":\"Bernadette Rassart - ImpulsionC\",\"isPartOf\":{\"@id\":\"https:\/\/www.impulsionc.be\/#website\"},\"primaryImageOfPage\":{\"@id\":\"https:\/\/www.impulsionc.be\/index.php\/nos-candidats\/bernadette-rassart\/#primaryimage\"},\"image\":{\"@id\":\"https:\/\/www.impulsionc.be\/index.php\/nos-candidats\/bernadette-rassart\/#primaryimage\"},\"thumbnailUrl\":\"https:\/\/www.impulsionc.be\/wp-content\/uploads\/2024\/09\/Bernadette-Rassart.jpg\",\"datePublished\":\"2024-09-07T08:03:02+00:00\",\"dateModified\":\"2024-09-25T13:55:35+00:00\",\"breadcrumb\":{\"@id\":\"https:\/\/www.impulsionc.be\/index.php\/nos-candidats\/bernadette-rassart\/#breadcrumb\"},\"inLanguage\":\"fr-FR\",\"potentialAction\":[{\"@type\":\"ReadAction\",\"target\":[\"https:\/\/www.impulsionc.be\/index.php\/nos-candidats\/bernadette-rassart\/\"]}]},{\"@type\":\"ImageObject\",\"inLanguage\":\"fr-FR\",\"@id\":\"https:\/\/www.impulsionc.be\/index.php\/nos-candidats\/bernadette-rassart\/#primaryimage\",\"url\":\"https:\/\/www.impulsionc.be\/wp-content\/uploads\/2024\/09\/Bernadette-Rassart.jpg\",\"contentUrl\":\"https:\/\/www.impulsionc.be\/wp-content\/uploads\/2024\/09\/Bernadette-Rassart.jpg\",\"width\":625,\"height\":625},{\"@type\":\"BreadcrumbList\",\"@id\":\"https:\/\/www.impulsionc.be\/index.php\/nos-candidats\/bernadette-rassart\/#breadcrumb\",\"itemListElement\":[{\"@type\":\"ListItem\",\"position\":1,\"name\":\"Accueil\",\"item\":\"https:\/\/www.impulsionc.be\/\"},{\"@type\":\"ListItem\",\"position\":2,\"name\":\"Nos candidats\",\"item\":\"https:\/\/www.impulsionc.be\/index.php\/nos-candidats\/\"},{\"@type\":\"ListItem\",\"position\":3,\"name\":\"Bernadette Rassart\"}]},{\"@type\":\"WebSite\",\"@id\":\"https:\/\/www.impulsionc.be\/#website\",\"url\":\"https:\/\/www.impulsionc.be\/\",\"name\":\"ImpulsionC\",\"description\":\"C\u2019est au quotidien qu\u2019on change les choses\",\"publisher\":{\"@id\":\"https:\/\/www.impulsionc.be\/#organization\"},\"potentialAction\":[{\"@type\":\"SearchAction\",\"target\":{\"@type\":\"EntryPoint\",\"urlTemplate\":\"https:\/\/www.impulsionc.be\/?s={search_term_string}\"},\"query-input\":\"required name=search_term_string\"}],\"inLanguage\":\"fr-FR\"},{\"@type\":\"Organization\",\"@id\":\"https:\/\/www.impulsionc.be\/#organization\",\"name\":\"ImpulsionC\",\"url\":\"https:\/\/www.impulsionc.be\/\",\"logo\":{\"@type\":\"ImageObject\",\"inLanguage\":\"fr-FR\",\"@id\":\"https:\/\/www.impulsionc.be\/#\/schema\/logo\/image\/\",\"url\":\"https:\/\/www.impulsionc.be\/wp-content\/uploads\/2024\/09\/cropped-cropped-Logo-couleur-baseline.png\",\"contentUrl\":\"https:\/\/www.impulsionc.be\/wp-content\/uploads\/2024\/09\/cropped-cropped-Logo-couleur-baseline.png\",\"width\":914,\"height\":241,\"caption\":\"ImpulsionC\"},\"image\":{\"@id\":\"https:\/\/www.impulsionc.be\/#\/schema\/logo\/image\/\"},\"sameAs\":[\"https:\/\/www.facebook.com\/people\/ImpulsionC\/61550514569117\/\"]}]}<\/script>\n<!-- \/ Yoast SEO plugin. -->","yoast_head_json":{"title":"Bernadette Rassart - ImpulsionC","robots":{"index":"index","follow":"follow","max-snippet":"max-snippet:-1","max-image-preview":"max-image-preview:large","max-video-preview":"max-video-preview:-1"},"canonical":"https:\/\/www.impulsionc.be\/index.php\/nos-candidats\/bernadette-rassart\/","og_locale":"fr_FR","og_type":"article","og_title":"Bernadette Rassart - ImpulsionC","og_description":"66 ans, c\u00e9libataire Louvain La Neuve M\u00e9decin Li\u00e9geoise&nbsp;d\u2019origine, &nbsp;Licenci\u00e9e en Education Physique et Kin\u00e9sith\u00e9rapie UCL, en Kin\u00e9sith\u00e9rapie du sport ULB,&nbsp;Ost\u00e9opathe&nbsp;SBO,&nbsp; Docteure en m\u00e9decine&nbsp;ULi\u00e8ge, Nutrition UPoitiers&nbsp;et UParis\u2026&#46;&#46;&#46;","og_url":"https:\/\/www.impulsionc.be\/index.php\/nos-candidats\/bernadette-rassart\/","og_site_name":"ImpulsionC","article_publisher":"https:\/\/www.facebook.com\/people\/ImpulsionC\/61550514569117\/","article_modified_time":"2024-09-25T13:55:35+00:00","og_image":[{"url":"https:\/\/www.impulsionc.be\/wp-content\/uploads\/2024\/09\/Bernadette-Rassart.jpg"}],"twitter_card":"summary_large_image","twitter_misc":{"Dur\u00e9e de lecture estim\u00e9e":"2 minutes"},"schema":{"@context":"https:\/\/schema.org","@graph":[{"@type":"WebPage","@id":"https:\/\/www.impulsionc.be\/index.php\/nos-candidats\/bernadette-rassart\/","url":"https:\/\/www.impulsionc.be\/index.php\/nos-candidats\/bernadette-rassart\/","name":"Bernadette Rassart - ImpulsionC","isPartOf":{"@id":"https:\/\/www.impulsionc.be\/#website"},"primaryImageOfPage":{"@id":"https:\/\/www.impulsionc.be\/index.php\/nos-candidats\/bernadette-rassart\/#primaryimage"},"image":{"@id":"https:\/\/www.impulsionc.be\/index.php\/nos-candidats\/bernadette-rassart\/#primaryimage"},"thumbnailUrl":"https:\/\/www.impulsionc.be\/wp-content\/uploads\/2024\/09\/Bernadette-Rassart.jpg","datePublished":"2024-09-07T08:03:02+00:00","dateModified":"2024-09-25T13:55:35+00:00","breadcrumb":{"@id":"https:\/\/www.impulsionc.be\/index.php\/nos-candidats\/bernadette-rassart\/#breadcrumb"},"inLanguage":"fr-FR","potentialAction":[{"@type":"ReadAction","target":["https:\/\/www.impulsionc.be\/index.php\/nos-candidats\/bernadette-rassart\/"]}]},{"@type":"ImageObject","inLanguage":"fr-FR","@id":"https:\/\/www.impulsionc.be\/index.php\/nos-candidats\/bernadette-rassart\/#primaryimage","url":"https:\/\/www.impulsionc.be\/wp-content\/uploads\/2024\/09\/Bernadette-Rassart.jpg","contentUrl":"https:\/\/www.impulsionc.be\/wp-content\/uploads\/2024\/09\/Bernadette-Rassart.jpg","width":625,"height":625},{"@type":"BreadcrumbList","@id":"https:\/\/www.impulsionc.be\/index.php\/nos-candidats\/bernadette-rassart\/#breadcrumb","itemListElement":[{"@type":"ListItem","position":1,"name":"Accueil","item":"https:\/\/www.impulsionc.be\/"},{"@type":"ListItem","position":2,"name":"Nos candidats","item":"https:\/\/www.impulsionc.be\/index.php\/nos-candidats\/"},{"@type":"ListItem","position":3,"name":"Bernadette Rassart"}]},{"@type":"WebSite","@id":"https:\/\/www.impulsionc.be\/#website","url":"https:\/\/www.impulsionc.be\/","name":"ImpulsionC","description":"C\u2019est au quotidien qu\u2019on change les choses","publisher":{"@id":"https:\/\/www.impulsionc.be\/#organization"},"potentialAction":[{"@type":"SearchAction","target":{"@type":"EntryPoint","urlTemplate":"https:\/\/www.impulsionc.be\/?s={search_term_string}"},"query-input":"required name=search_term_string"}],"inLanguage":"fr-FR"},{"@type":"Organization","@id":"https:\/\/www.impulsionc.be\/#organization","name":"ImpulsionC","url":"https:\/\/www.impulsionc.be\/","logo":{"@type":"ImageObject","inLanguage":"fr-FR","@id":"https:\/\/www.impulsionc.be\/#\/schema\/logo\/image\/","url":"https:\/\/www.impulsionc.be\/wp-content\/uploads\/2024\/09\/cropped-cropped-Logo-couleur-baseline.png","contentUrl":"https:\/\/www.impulsionc.be\/wp-content\/uploads\/2024\/09\/cropped-cropped-Logo-couleur-baseline.png","width":914,"height":241,"caption":"ImpulsionC"},"image":{"@id":"https:\/\/www.impulsionc.be\/#\/schema\/logo\/image\/"},"sameAs":["https:\/\/www.facebook.com\/people\/ImpulsionC\/61550514569117\/"]}]}},"_links":{"self":[{"href":"https:\/\/www.impulsionc.be\/index.php\/wp-json\/wp\/v2\/pages\/190","targetHints":{"allow":["GET"]}}],"collection":[{"href":"https:\/\/www.impulsionc.be\/index.php\/wp-json\/wp\/v2\/pages"}],"about":[{"href":"https:\/\/www.impulsionc.be\/index.php\/wp-json\/wp\/v2\/types\/page"}],"author":[{"embeddable":true,"href":"https:\/\/www.impulsionc.be\/index.php\/wp-json\/wp\/v2\/users\/1"}],"replies":[{"embeddable":true,"href":"https:\/\/www.impulsionc.be\/index.php\/wp-json\/wp\/v2\/comments?post=190"}],"version-history":[{"count":3,"href":"https:\/\/www.impulsionc.be\/index.php\/wp-json\/wp\/v2\/pages\/190\/revisions"}],"predecessor-version":[{"id":294,"href":"https:\/\/www.impulsionc.be\/index.php\/wp-json\/wp\/v2\/pages\/190\/revisions\/294"}],"up":[{"embeddable":true,"href":"https:\/\/www.impulsionc.be\/index.php\/wp-json\/wp\/v2\/pages\/56"}],"wp:attachment":[{"href":"https:\/\/www.impulsionc.be\/index.php\/wp-json\/wp\/v2\/media?parent=190"}],"curies":[{"name":"wp","href":"https:\/\/api.w.org\/{rel}","templated":true}]}}