{"id":174,"date":"2024-09-07T10:03:56","date_gmt":"2024-09-07T08:03:56","guid":{"rendered":"https:\/\/www.impulsionc.be\/?page_id=174"},"modified":"2024-09-23T20:25:35","modified_gmt":"2024-09-23T18:25:35","slug":"corentin-demoustier","status":"publish","type":"page","link":"https:\/\/www.impulsionc.be\/index.php\/nos-candidats\/corentin-demoustier\/","title":{"rendered":"Corentin Demoustier"},"content":{"rendered":"\n<div class=\"wp-block-media-text is-stacked-on-mobile\"><figure class=\"wp-block-media-text__media\"><img loading=\"lazy\" decoding=\"async\" width=\"625\" height=\"625\" src=\"https:\/\/www.impulsionc.be\/wp-content\/uploads\/2024\/09\/Corentin-Demoustier.jpg\" alt=\"\" class=\"wp-image-175 size-full\" srcset=\"https:\/\/www.impulsionc.be\/wp-content\/uploads\/2024\/09\/Corentin-Demoustier.jpg 625w, https:\/\/www.impulsionc.be\/wp-content\/uploads\/2024\/09\/Corentin-Demoustier-300x300.jpg 300w, https:\/\/www.impulsionc.be\/wp-content\/uploads\/2024\/09\/Corentin-Demoustier-150x150.jpg 150w, https:\/\/www.impulsionc.be\/wp-content\/uploads\/2024\/09\/Corentin-Demoustier-200x200.jpg 200w\" sizes=\"auto, (max-width: 625px) 100vw, 625px\" \/><\/figure><div class=\"wp-block-media-text__content\">\n<p>20 ans<\/p>\n\n\n\n<p>Ottignies &#8211; Stimont Etudiant en sciences politiques \u00e0 l\u2019UCLouvain<\/p>\n<\/div><\/div>\n\n\n\n<p>Du haut de ses 20 ans, notre plus jeune candidat Corentin Demoustier vit \u00e0 Ottignies-Louvain-la-Neuve depuis qu\u2019il est n\u00e9. \u00c9tudiant en sciences politiques \u00e0 l\u2019UCLouvain, il s\u2019est lanc\u00e9 dans cette mati\u00e8re car il a la volont\u00e9 d\u2019aider son prochain et d\u2019am\u00e9liorer la qualit\u00e9 de vie de la population. Selon lui, une commune doit \u00eatre au service de sa population.&nbsp;<\/p>\n\n\n\n<p>De ce fait, il constate que malgr\u00e9 certaines \u00e9volutions positives, il souhaite fortement am\u00e9liorer la s\u00e9curit\u00e9, la propret\u00e9 et la mobilit\u00e9 de notre commune. Selon lui, toutes les qualit\u00e9s de la commune sont \u00e0 mettre en valeur, telles que la proximit\u00e9 des autoroutes reliant Bruxelles et Namur, la pr\u00e9sence de zones foresti\u00e8res et rurales \u00e0 deux pas des centres urbains, la pr\u00e9sence d\u2019une universit\u00e9 \u00e0 Louvain-la-Neuve ou encore la pr\u00e9sence d\u2019espaces culturels. Mais il ne faut cependant pas oublier les diff\u00e9rents d\u00e9fis de demain, comme par exemple la construction d\u2019une nouvelle gare \u00e0 Ottignies, le r\u00e9am\u00e9nagement du centre-ville d\u2019Ottignies ainsi que la mise en place d\u2019outils de pr\u00e9vention contre les inondations.<\/p>\n\n\n\n<p>En int\u00e9grant la liste Impulsion C, Corentin compte notamment repr\u00e9senter les jeunes de la commune. Il tient \u00e9galement \u00e0 \u00eatre au plus proche et \u00e0 l\u2019\u00e9coute des citoyens, en parcourant la commune afin de les rencontrer et de discuter avec eux. Corentin est anim\u00e9 par la volont\u00e9 d\u2019aider sa commune du mieux qu\u2019il peut et souhaite apporter sa pierre \u00e0 l\u2019\u00e9difice.<\/p>\n\n\n\n<p>Son id\u00e9e principale se r\u00e9sume comme suit : \u201c<em>ensemble, nous insufflerons une impulsion nouvelle \u00e0 Ottignies Louvain-la-Neuve<\/em>\u201d.<\/p>\n\n\n\n<p><strong>Ses 3 domaines de pr\u00e9dilection<\/strong><\/p>\n\n\n\n<ul class=\"wp-block-list\">\n<li>Fiscalit\u00e9<\/li>\n\n\n\n<li>S\u00e9curit\u00e9<\/li>\n\n\n\n<li>Logement<\/li>\n<\/ul>\n","protected":false},"excerpt":{"rendered":"<p>20 ans Ottignies &#8211; Stimont Etudiant en sciences politiques \u00e0 l\u2019UCLouvain Du haut de ses 20 ans, notre plus jeune candidat Corentin Demoustier vit \u00e0 Ottignies-Louvain-la-Neuve&#46;&#46;&#46;<\/p>\n","protected":false},"author":1,"featured_media":0,"parent":56,"menu_order":0,"comment_status":"closed","ping_status":"closed","template":"","meta":{"footnotes":""},"class_list":["post-174","page","type-page","status-publish","hentry"],"yoast_head":"<!-- This site is optimized with the Yoast SEO plugin v23.2 - https:\/\/yoast.com\/wordpress\/plugins\/seo\/ -->\n<title>Corentin Demoustier - ImpulsionC<\/title>\n<meta name=\"robots\" content=\"index, follow, max-snippet:-1, max-image-preview:large, max-video-preview:-1\" \/>\n<link rel=\"canonical\" href=\"https:\/\/www.impulsionc.be\/index.php\/nos-candidats\/corentin-demoustier\/\" \/>\n<meta property=\"og:locale\" content=\"fr_FR\" \/>\n<meta property=\"og:type\" content=\"article\" \/>\n<meta property=\"og:title\" content=\"Corentin Demoustier - ImpulsionC\" \/>\n<meta property=\"og:description\" content=\"20 ans Ottignies &#8211; Stimont Etudiant en sciences politiques \u00e0 l\u2019UCLouvain Du haut de ses 20 ans, notre plus jeune candidat Corentin Demoustier vit \u00e0 Ottignies-Louvain-la-Neuve&#046;&#046;&#046;\" \/>\n<meta property=\"og:url\" content=\"https:\/\/www.impulsionc.be\/index.php\/nos-candidats\/corentin-demoustier\/\" \/>\n<meta property=\"og:site_name\" content=\"ImpulsionC\" \/>\n<meta property=\"article:publisher\" content=\"https:\/\/www.facebook.com\/people\/ImpulsionC\/61550514569117\/\" \/>\n<meta property=\"article:modified_time\" content=\"2024-09-23T18:25:35+00:00\" \/>\n<meta property=\"og:image\" content=\"https:\/\/www.impulsionc.be\/wp-content\/uploads\/2024\/09\/Corentin-Demoustier.jpg\" \/>\n<meta name=\"twitter:card\" content=\"summary_large_image\" \/>\n<meta name=\"twitter:label1\" content=\"Dur\u00e9e de lecture estim\u00e9e\" \/>\n\t<meta name=\"twitter:data1\" content=\"2 minutes\" \/>\n<script type=\"application\/ld+json\" class=\"yoast-schema-graph\">{\"@context\":\"https:\/\/schema.org\",\"@graph\":[{\"@type\":\"WebPage\",\"@id\":\"https:\/\/www.impulsionc.be\/index.php\/nos-candidats\/corentin-demoustier\/\",\"url\":\"https:\/\/www.impulsionc.be\/index.php\/nos-candidats\/corentin-demoustier\/\",\"name\":\"Corentin Demoustier - ImpulsionC\",\"isPartOf\":{\"@id\":\"https:\/\/www.impulsionc.be\/#website\"},\"primaryImageOfPage\":{\"@id\":\"https:\/\/www.impulsionc.be\/index.php\/nos-candidats\/corentin-demoustier\/#primaryimage\"},\"image\":{\"@id\":\"https:\/\/www.impulsionc.be\/index.php\/nos-candidats\/corentin-demoustier\/#primaryimage\"},\"thumbnailUrl\":\"https:\/\/www.impulsionc.be\/wp-content\/uploads\/2024\/09\/Corentin-Demoustier.jpg\",\"datePublished\":\"2024-09-07T08:03:56+00:00\",\"dateModified\":\"2024-09-23T18:25:35+00:00\",\"breadcrumb\":{\"@id\":\"https:\/\/www.impulsionc.be\/index.php\/nos-candidats\/corentin-demoustier\/#breadcrumb\"},\"inLanguage\":\"fr-FR\",\"potentialAction\":[{\"@type\":\"ReadAction\",\"target\":[\"https:\/\/www.impulsionc.be\/index.php\/nos-candidats\/corentin-demoustier\/\"]}]},{\"@type\":\"ImageObject\",\"inLanguage\":\"fr-FR\",\"@id\":\"https:\/\/www.impulsionc.be\/index.php\/nos-candidats\/corentin-demoustier\/#primaryimage\",\"url\":\"https:\/\/www.impulsionc.be\/wp-content\/uploads\/2024\/09\/Corentin-Demoustier.jpg\",\"contentUrl\":\"https:\/\/www.impulsionc.be\/wp-content\/uploads\/2024\/09\/Corentin-Demoustier.jpg\",\"width\":625,\"height\":625},{\"@type\":\"BreadcrumbList\",\"@id\":\"https:\/\/www.impulsionc.be\/index.php\/nos-candidats\/corentin-demoustier\/#breadcrumb\",\"itemListElement\":[{\"@type\":\"ListItem\",\"position\":1,\"name\":\"Accueil\",\"item\":\"https:\/\/www.impulsionc.be\/\"},{\"@type\":\"ListItem\",\"position\":2,\"name\":\"Nos candidats\",\"item\":\"https:\/\/www.impulsionc.be\/index.php\/nos-candidats\/\"},{\"@type\":\"ListItem\",\"position\":3,\"name\":\"Corentin Demoustier\"}]},{\"@type\":\"WebSite\",\"@id\":\"https:\/\/www.impulsionc.be\/#website\",\"url\":\"https:\/\/www.impulsionc.be\/\",\"name\":\"ImpulsionC\",\"description\":\"C\u2019est au quotidien qu\u2019on change les choses\",\"publisher\":{\"@id\":\"https:\/\/www.impulsionc.be\/#organization\"},\"potentialAction\":[{\"@type\":\"SearchAction\",\"target\":{\"@type\":\"EntryPoint\",\"urlTemplate\":\"https:\/\/www.impulsionc.be\/?s={search_term_string}\"},\"query-input\":\"required name=search_term_string\"}],\"inLanguage\":\"fr-FR\"},{\"@type\":\"Organization\",\"@id\":\"https:\/\/www.impulsionc.be\/#organization\",\"name\":\"ImpulsionC\",\"url\":\"https:\/\/www.impulsionc.be\/\",\"logo\":{\"@type\":\"ImageObject\",\"inLanguage\":\"fr-FR\",\"@id\":\"https:\/\/www.impulsionc.be\/#\/schema\/logo\/image\/\",\"url\":\"https:\/\/www.impulsionc.be\/wp-content\/uploads\/2024\/09\/cropped-cropped-Logo-couleur-baseline.png\",\"contentUrl\":\"https:\/\/www.impulsionc.be\/wp-content\/uploads\/2024\/09\/cropped-cropped-Logo-couleur-baseline.png\",\"width\":914,\"height\":241,\"caption\":\"ImpulsionC\"},\"image\":{\"@id\":\"https:\/\/www.impulsionc.be\/#\/schema\/logo\/image\/\"},\"sameAs\":[\"https:\/\/www.facebook.com\/people\/ImpulsionC\/61550514569117\/\"]}]}<\/script>\n<!-- \/ Yoast SEO plugin. -->","yoast_head_json":{"title":"Corentin Demoustier - ImpulsionC","robots":{"index":"index","follow":"follow","max-snippet":"max-snippet:-1","max-image-preview":"max-image-preview:large","max-video-preview":"max-video-preview:-1"},"canonical":"https:\/\/www.impulsionc.be\/index.php\/nos-candidats\/corentin-demoustier\/","og_locale":"fr_FR","og_type":"article","og_title":"Corentin Demoustier - ImpulsionC","og_description":"20 ans Ottignies &#8211; Stimont Etudiant en sciences politiques \u00e0 l\u2019UCLouvain Du haut de ses 20 ans, notre plus jeune candidat Corentin Demoustier vit \u00e0 Ottignies-Louvain-la-Neuve&#46;&#46;&#46;","og_url":"https:\/\/www.impulsionc.be\/index.php\/nos-candidats\/corentin-demoustier\/","og_site_name":"ImpulsionC","article_publisher":"https:\/\/www.facebook.com\/people\/ImpulsionC\/61550514569117\/","article_modified_time":"2024-09-23T18:25:35+00:00","og_image":[{"url":"https:\/\/www.impulsionc.be\/wp-content\/uploads\/2024\/09\/Corentin-Demoustier.jpg"}],"twitter_card":"summary_large_image","twitter_misc":{"Dur\u00e9e de lecture estim\u00e9e":"2 minutes"},"schema":{"@context":"https:\/\/schema.org","@graph":[{"@type":"WebPage","@id":"https:\/\/www.impulsionc.be\/index.php\/nos-candidats\/corentin-demoustier\/","url":"https:\/\/www.impulsionc.be\/index.php\/nos-candidats\/corentin-demoustier\/","name":"Corentin Demoustier - ImpulsionC","isPartOf":{"@id":"https:\/\/www.impulsionc.be\/#website"},"primaryImageOfPage":{"@id":"https:\/\/www.impulsionc.be\/index.php\/nos-candidats\/corentin-demoustier\/#primaryimage"},"image":{"@id":"https:\/\/www.impulsionc.be\/index.php\/nos-candidats\/corentin-demoustier\/#primaryimage"},"thumbnailUrl":"https:\/\/www.impulsionc.be\/wp-content\/uploads\/2024\/09\/Corentin-Demoustier.jpg","datePublished":"2024-09-07T08:03:56+00:00","dateModified":"2024-09-23T18:25:35+00:00","breadcrumb":{"@id":"https:\/\/www.impulsionc.be\/index.php\/nos-candidats\/corentin-demoustier\/#breadcrumb"},"inLanguage":"fr-FR","potentialAction":[{"@type":"ReadAction","target":["https:\/\/www.impulsionc.be\/index.php\/nos-candidats\/corentin-demoustier\/"]}]},{"@type":"ImageObject","inLanguage":"fr-FR","@id":"https:\/\/www.impulsionc.be\/index.php\/nos-candidats\/corentin-demoustier\/#primaryimage","url":"https:\/\/www.impulsionc.be\/wp-content\/uploads\/2024\/09\/Corentin-Demoustier.jpg","contentUrl":"https:\/\/www.impulsionc.be\/wp-content\/uploads\/2024\/09\/Corentin-Demoustier.jpg","width":625,"height":625},{"@type":"BreadcrumbList","@id":"https:\/\/www.impulsionc.be\/index.php\/nos-candidats\/corentin-demoustier\/#breadcrumb","itemListElement":[{"@type":"ListItem","position":1,"name":"Accueil","item":"https:\/\/www.impulsionc.be\/"},{"@type":"ListItem","position":2,"name":"Nos candidats","item":"https:\/\/www.impulsionc.be\/index.php\/nos-candidats\/"},{"@type":"ListItem","position":3,"name":"Corentin Demoustier"}]},{"@type":"WebSite","@id":"https:\/\/www.impulsionc.be\/#website","url":"https:\/\/www.impulsionc.be\/","name":"ImpulsionC","description":"C\u2019est au quotidien qu\u2019on change les choses","publisher":{"@id":"https:\/\/www.impulsionc.be\/#organization"},"potentialAction":[{"@type":"SearchAction","target":{"@type":"EntryPoint","urlTemplate":"https:\/\/www.impulsionc.be\/?s={search_term_string}"},"query-input":"required name=search_term_string"}],"inLanguage":"fr-FR"},{"@type":"Organization","@id":"https:\/\/www.impulsionc.be\/#organization","name":"ImpulsionC","url":"https:\/\/www.impulsionc.be\/","logo":{"@type":"ImageObject","inLanguage":"fr-FR","@id":"https:\/\/www.impulsionc.be\/#\/schema\/logo\/image\/","url":"https:\/\/www.impulsionc.be\/wp-content\/uploads\/2024\/09\/cropped-cropped-Logo-couleur-baseline.png","contentUrl":"https:\/\/www.impulsionc.be\/wp-content\/uploads\/2024\/09\/cropped-cropped-Logo-couleur-baseline.png","width":914,"height":241,"caption":"ImpulsionC"},"image":{"@id":"https:\/\/www.impulsionc.be\/#\/schema\/logo\/image\/"},"sameAs":["https:\/\/www.facebook.com\/people\/ImpulsionC\/61550514569117\/"]}]}},"_links":{"self":[{"href":"https:\/\/www.impulsionc.be\/index.php\/wp-json\/wp\/v2\/pages\/174","targetHints":{"allow":["GET"]}}],"collection":[{"href":"https:\/\/www.impulsionc.be\/index.php\/wp-json\/wp\/v2\/pages"}],"about":[{"href":"https:\/\/www.impulsionc.be\/index.php\/wp-json\/wp\/v2\/types\/page"}],"author":[{"embeddable":true,"href":"https:\/\/www.impulsionc.be\/index.php\/wp-json\/wp\/v2\/users\/1"}],"replies":[{"embeddable":true,"href":"https:\/\/www.impulsionc.be\/index.php\/wp-json\/wp\/v2\/comments?post=174"}],"version-history":[{"count":2,"href":"https:\/\/www.impulsionc.be\/index.php\/wp-json\/wp\/v2\/pages\/174\/revisions"}],"predecessor-version":[{"id":259,"href":"https:\/\/www.impulsionc.be\/index.php\/wp-json\/wp\/v2\/pages\/174\/revisions\/259"}],"up":[{"embeddable":true,"href":"https:\/\/www.impulsionc.be\/index.php\/wp-json\/wp\/v2\/pages\/56"}],"wp:attachment":[{"href":"https:\/\/www.impulsionc.be\/index.php\/wp-json\/wp\/v2\/media?parent=174"}],"curies":[{"name":"wp","href":"https:\/\/api.w.org\/{rel}","templated":true}]}}