{"id":168,"date":"2024-09-07T10:40:19","date_gmt":"2024-09-07T08:40:19","guid":{"rendered":"https:\/\/www.impulsionc.be\/?page_id=168"},"modified":"2024-09-23T21:48:14","modified_gmt":"2024-09-23T19:48:14","slug":"vincent-courbet","status":"publish","type":"page","link":"https:\/\/www.impulsionc.be\/index.php\/nos-candidats\/vincent-courbet\/","title":{"rendered":"Vincent Courbet"},"content":{"rendered":"\n<div class=\"wp-block-media-text is-stacked-on-mobile\"><figure class=\"wp-block-media-text__media\"><img loading=\"lazy\" decoding=\"async\" width=\"625\" height=\"625\" src=\"https:\/\/www.impulsionc.be\/wp-content\/uploads\/2024\/09\/Vincent-Courbet.jpg\" alt=\"\" class=\"wp-image-169 size-full\" srcset=\"https:\/\/www.impulsionc.be\/wp-content\/uploads\/2024\/09\/Vincent-Courbet.jpg 625w, https:\/\/www.impulsionc.be\/wp-content\/uploads\/2024\/09\/Vincent-Courbet-300x300.jpg 300w, https:\/\/www.impulsionc.be\/wp-content\/uploads\/2024\/09\/Vincent-Courbet-150x150.jpg 150w, https:\/\/www.impulsionc.be\/wp-content\/uploads\/2024\/09\/Vincent-Courbet-200x200.jpg 200w\" sizes=\"auto, (max-width: 625px) 100vw, 625px\" \/><\/figure><div class=\"wp-block-media-text__content\">\n<p>43 ans<\/p>\n\n\n\n<p>Ottignies (Quartier La Croix)<\/p>\n\n\n\n<p>Ind\u00e9pendant, chauffagiste<\/p>\n<\/div><\/div>\n\n\n\n<p>De famille ind\u00e9pendante dans le domaine du b\u00e2timent depuis plus de 60 ans \u00e0 Ottignies,&nbsp; plus particuli\u00e8rement dans le domaine PEB du chauffage depuis 10 ans.<\/p>\n\n\n\n<p>La technologie de ce domaine est en perp\u00e9tuelle \u00e9volution, c\u2019est pour cela qu\u2019il faut \u00eatre sur le terrain mais aussi dans l\u2019administratif.<\/p>\n\n\n\n<p>Membre de plusieurs comit\u00e9s de f\u00eates (quartier et dans la ville) et aussi d\u2019une ONG, l\u2019attention sera port\u00e9e sur ces domaines mais aussi sur des priorit\u00e9s comme&nbsp;:<\/p>\n\n\n\n<ol class=\"wp-block-list\">\n<li>Une simplification des d\u00e9marches administratives et rendre aux citoyens les services de base qu\u2019une Ville peut offrir.<\/li>\n\n\n\n<li>Une diminution des imp\u00f4ts et du pr\u00e9compte immobilier avec une gestion saine des finances<\/li>\n\n\n\n<li>Une gestion plus accrue de la propret\u00e9 publique.<\/li>\n\n\n\n<li>Une croissance de l\u2019 esprit convivial dans les deux centres ville en passant par le milieu associatif et festif.<\/li>\n\n\n\n<li>Le d\u00e9veloppement des commerces et des circuits courts.<\/li>\n<\/ol>\n\n\n\n<p>Il est primordial aussi de tenir compte des enjeux environnementaux dans la gestion de notre ville.<\/p>\n\n\n\n<p><strong>Ses 3 domaines de pr\u00e9dilections<\/strong>\u00a0:<\/p>\n\n\n\n<ol class=\"wp-block-list\">\n<li>Les finances<\/li>\n\n\n\n<li>Les travaux et l\u2019urbanisme<\/li>\n\n\n\n<li>Le commerce<\/li>\n<\/ol>\n","protected":false},"excerpt":{"rendered":"<p>43 ans Ottignies (Quartier La Croix) Ind\u00e9pendant, chauffagiste De famille ind\u00e9pendante dans le domaine du b\u00e2timent depuis plus de 60 ans \u00e0 Ottignies,&nbsp; plus particuli\u00e8rement dans&#46;&#46;&#46;<\/p>\n","protected":false},"author":1,"featured_media":0,"parent":56,"menu_order":0,"comment_status":"closed","ping_status":"closed","template":"","meta":{"footnotes":""},"class_list":["post-168","page","type-page","status-publish","hentry"],"yoast_head":"<!-- This site is optimized with the Yoast SEO plugin v23.2 - https:\/\/yoast.com\/wordpress\/plugins\/seo\/ -->\n<title>Vincent Courbet - ImpulsionC<\/title>\n<meta name=\"robots\" content=\"index, follow, max-snippet:-1, max-image-preview:large, max-video-preview:-1\" \/>\n<link rel=\"canonical\" href=\"https:\/\/www.impulsionc.be\/index.php\/nos-candidats\/vincent-courbet\/\" \/>\n<meta property=\"og:locale\" content=\"fr_FR\" \/>\n<meta property=\"og:type\" content=\"article\" \/>\n<meta property=\"og:title\" content=\"Vincent Courbet - ImpulsionC\" \/>\n<meta property=\"og:description\" content=\"43 ans Ottignies (Quartier La Croix) Ind\u00e9pendant, chauffagiste De famille ind\u00e9pendante dans le domaine du b\u00e2timent depuis plus de 60 ans \u00e0 Ottignies,&nbsp; plus particuli\u00e8rement dans&#046;&#046;&#046;\" \/>\n<meta property=\"og:url\" content=\"https:\/\/www.impulsionc.be\/index.php\/nos-candidats\/vincent-courbet\/\" \/>\n<meta property=\"og:site_name\" content=\"ImpulsionC\" \/>\n<meta property=\"article:publisher\" content=\"https:\/\/www.facebook.com\/people\/ImpulsionC\/61550514569117\/\" \/>\n<meta property=\"article:modified_time\" content=\"2024-09-23T19:48:14+00:00\" \/>\n<meta property=\"og:image\" content=\"https:\/\/www.impulsionc.be\/wp-content\/uploads\/2024\/09\/Vincent-Courbet.jpg\" \/>\n<meta name=\"twitter:card\" content=\"summary_large_image\" \/>\n<meta name=\"twitter:label1\" content=\"Dur\u00e9e de lecture estim\u00e9e\" \/>\n\t<meta name=\"twitter:data1\" content=\"2 minutes\" \/>\n<script type=\"application\/ld+json\" class=\"yoast-schema-graph\">{\"@context\":\"https:\/\/schema.org\",\"@graph\":[{\"@type\":\"WebPage\",\"@id\":\"https:\/\/www.impulsionc.be\/index.php\/nos-candidats\/vincent-courbet\/\",\"url\":\"https:\/\/www.impulsionc.be\/index.php\/nos-candidats\/vincent-courbet\/\",\"name\":\"Vincent Courbet - ImpulsionC\",\"isPartOf\":{\"@id\":\"https:\/\/www.impulsionc.be\/#website\"},\"primaryImageOfPage\":{\"@id\":\"https:\/\/www.impulsionc.be\/index.php\/nos-candidats\/vincent-courbet\/#primaryimage\"},\"image\":{\"@id\":\"https:\/\/www.impulsionc.be\/index.php\/nos-candidats\/vincent-courbet\/#primaryimage\"},\"thumbnailUrl\":\"https:\/\/www.impulsionc.be\/wp-content\/uploads\/2024\/09\/Vincent-Courbet.jpg\",\"datePublished\":\"2024-09-07T08:40:19+00:00\",\"dateModified\":\"2024-09-23T19:48:14+00:00\",\"breadcrumb\":{\"@id\":\"https:\/\/www.impulsionc.be\/index.php\/nos-candidats\/vincent-courbet\/#breadcrumb\"},\"inLanguage\":\"fr-FR\",\"potentialAction\":[{\"@type\":\"ReadAction\",\"target\":[\"https:\/\/www.impulsionc.be\/index.php\/nos-candidats\/vincent-courbet\/\"]}]},{\"@type\":\"ImageObject\",\"inLanguage\":\"fr-FR\",\"@id\":\"https:\/\/www.impulsionc.be\/index.php\/nos-candidats\/vincent-courbet\/#primaryimage\",\"url\":\"https:\/\/www.impulsionc.be\/wp-content\/uploads\/2024\/09\/Vincent-Courbet.jpg\",\"contentUrl\":\"https:\/\/www.impulsionc.be\/wp-content\/uploads\/2024\/09\/Vincent-Courbet.jpg\",\"width\":625,\"height\":625},{\"@type\":\"BreadcrumbList\",\"@id\":\"https:\/\/www.impulsionc.be\/index.php\/nos-candidats\/vincent-courbet\/#breadcrumb\",\"itemListElement\":[{\"@type\":\"ListItem\",\"position\":1,\"name\":\"Accueil\",\"item\":\"https:\/\/www.impulsionc.be\/\"},{\"@type\":\"ListItem\",\"position\":2,\"name\":\"Nos candidats\",\"item\":\"https:\/\/www.impulsionc.be\/index.php\/nos-candidats\/\"},{\"@type\":\"ListItem\",\"position\":3,\"name\":\"Vincent Courbet\"}]},{\"@type\":\"WebSite\",\"@id\":\"https:\/\/www.impulsionc.be\/#website\",\"url\":\"https:\/\/www.impulsionc.be\/\",\"name\":\"ImpulsionC\",\"description\":\"C\u2019est au quotidien qu\u2019on change les choses\",\"publisher\":{\"@id\":\"https:\/\/www.impulsionc.be\/#organization\"},\"potentialAction\":[{\"@type\":\"SearchAction\",\"target\":{\"@type\":\"EntryPoint\",\"urlTemplate\":\"https:\/\/www.impulsionc.be\/?s={search_term_string}\"},\"query-input\":\"required name=search_term_string\"}],\"inLanguage\":\"fr-FR\"},{\"@type\":\"Organization\",\"@id\":\"https:\/\/www.impulsionc.be\/#organization\",\"name\":\"ImpulsionC\",\"url\":\"https:\/\/www.impulsionc.be\/\",\"logo\":{\"@type\":\"ImageObject\",\"inLanguage\":\"fr-FR\",\"@id\":\"https:\/\/www.impulsionc.be\/#\/schema\/logo\/image\/\",\"url\":\"https:\/\/www.impulsionc.be\/wp-content\/uploads\/2024\/09\/cropped-cropped-Logo-couleur-baseline.png\",\"contentUrl\":\"https:\/\/www.impulsionc.be\/wp-content\/uploads\/2024\/09\/cropped-cropped-Logo-couleur-baseline.png\",\"width\":914,\"height\":241,\"caption\":\"ImpulsionC\"},\"image\":{\"@id\":\"https:\/\/www.impulsionc.be\/#\/schema\/logo\/image\/\"},\"sameAs\":[\"https:\/\/www.facebook.com\/people\/ImpulsionC\/61550514569117\/\"]}]}<\/script>\n<!-- \/ Yoast SEO plugin. -->","yoast_head_json":{"title":"Vincent Courbet - ImpulsionC","robots":{"index":"index","follow":"follow","max-snippet":"max-snippet:-1","max-image-preview":"max-image-preview:large","max-video-preview":"max-video-preview:-1"},"canonical":"https:\/\/www.impulsionc.be\/index.php\/nos-candidats\/vincent-courbet\/","og_locale":"fr_FR","og_type":"article","og_title":"Vincent Courbet - ImpulsionC","og_description":"43 ans Ottignies (Quartier La Croix) Ind\u00e9pendant, chauffagiste De famille ind\u00e9pendante dans le domaine du b\u00e2timent depuis plus de 60 ans \u00e0 Ottignies,&nbsp; plus particuli\u00e8rement dans&#46;&#46;&#46;","og_url":"https:\/\/www.impulsionc.be\/index.php\/nos-candidats\/vincent-courbet\/","og_site_name":"ImpulsionC","article_publisher":"https:\/\/www.facebook.com\/people\/ImpulsionC\/61550514569117\/","article_modified_time":"2024-09-23T19:48:14+00:00","og_image":[{"url":"https:\/\/www.impulsionc.be\/wp-content\/uploads\/2024\/09\/Vincent-Courbet.jpg"}],"twitter_card":"summary_large_image","twitter_misc":{"Dur\u00e9e de lecture estim\u00e9e":"2 minutes"},"schema":{"@context":"https:\/\/schema.org","@graph":[{"@type":"WebPage","@id":"https:\/\/www.impulsionc.be\/index.php\/nos-candidats\/vincent-courbet\/","url":"https:\/\/www.impulsionc.be\/index.php\/nos-candidats\/vincent-courbet\/","name":"Vincent Courbet - ImpulsionC","isPartOf":{"@id":"https:\/\/www.impulsionc.be\/#website"},"primaryImageOfPage":{"@id":"https:\/\/www.impulsionc.be\/index.php\/nos-candidats\/vincent-courbet\/#primaryimage"},"image":{"@id":"https:\/\/www.impulsionc.be\/index.php\/nos-candidats\/vincent-courbet\/#primaryimage"},"thumbnailUrl":"https:\/\/www.impulsionc.be\/wp-content\/uploads\/2024\/09\/Vincent-Courbet.jpg","datePublished":"2024-09-07T08:40:19+00:00","dateModified":"2024-09-23T19:48:14+00:00","breadcrumb":{"@id":"https:\/\/www.impulsionc.be\/index.php\/nos-candidats\/vincent-courbet\/#breadcrumb"},"inLanguage":"fr-FR","potentialAction":[{"@type":"ReadAction","target":["https:\/\/www.impulsionc.be\/index.php\/nos-candidats\/vincent-courbet\/"]}]},{"@type":"ImageObject","inLanguage":"fr-FR","@id":"https:\/\/www.impulsionc.be\/index.php\/nos-candidats\/vincent-courbet\/#primaryimage","url":"https:\/\/www.impulsionc.be\/wp-content\/uploads\/2024\/09\/Vincent-Courbet.jpg","contentUrl":"https:\/\/www.impulsionc.be\/wp-content\/uploads\/2024\/09\/Vincent-Courbet.jpg","width":625,"height":625},{"@type":"BreadcrumbList","@id":"https:\/\/www.impulsionc.be\/index.php\/nos-candidats\/vincent-courbet\/#breadcrumb","itemListElement":[{"@type":"ListItem","position":1,"name":"Accueil","item":"https:\/\/www.impulsionc.be\/"},{"@type":"ListItem","position":2,"name":"Nos candidats","item":"https:\/\/www.impulsionc.be\/index.php\/nos-candidats\/"},{"@type":"ListItem","position":3,"name":"Vincent Courbet"}]},{"@type":"WebSite","@id":"https:\/\/www.impulsionc.be\/#website","url":"https:\/\/www.impulsionc.be\/","name":"ImpulsionC","description":"C\u2019est au quotidien qu\u2019on change les choses","publisher":{"@id":"https:\/\/www.impulsionc.be\/#organization"},"potentialAction":[{"@type":"SearchAction","target":{"@type":"EntryPoint","urlTemplate":"https:\/\/www.impulsionc.be\/?s={search_term_string}"},"query-input":"required name=search_term_string"}],"inLanguage":"fr-FR"},{"@type":"Organization","@id":"https:\/\/www.impulsionc.be\/#organization","name":"ImpulsionC","url":"https:\/\/www.impulsionc.be\/","logo":{"@type":"ImageObject","inLanguage":"fr-FR","@id":"https:\/\/www.impulsionc.be\/#\/schema\/logo\/image\/","url":"https:\/\/www.impulsionc.be\/wp-content\/uploads\/2024\/09\/cropped-cropped-Logo-couleur-baseline.png","contentUrl":"https:\/\/www.impulsionc.be\/wp-content\/uploads\/2024\/09\/cropped-cropped-Logo-couleur-baseline.png","width":914,"height":241,"caption":"ImpulsionC"},"image":{"@id":"https:\/\/www.impulsionc.be\/#\/schema\/logo\/image\/"},"sameAs":["https:\/\/www.facebook.com\/people\/ImpulsionC\/61550514569117\/"]}]}},"_links":{"self":[{"href":"https:\/\/www.impulsionc.be\/index.php\/wp-json\/wp\/v2\/pages\/168","targetHints":{"allow":["GET"]}}],"collection":[{"href":"https:\/\/www.impulsionc.be\/index.php\/wp-json\/wp\/v2\/pages"}],"about":[{"href":"https:\/\/www.impulsionc.be\/index.php\/wp-json\/wp\/v2\/types\/page"}],"author":[{"embeddable":true,"href":"https:\/\/www.impulsionc.be\/index.php\/wp-json\/wp\/v2\/users\/1"}],"replies":[{"embeddable":true,"href":"https:\/\/www.impulsionc.be\/index.php\/wp-json\/wp\/v2\/comments?post=168"}],"version-history":[{"count":2,"href":"https:\/\/www.impulsionc.be\/index.php\/wp-json\/wp\/v2\/pages\/168\/revisions"}],"predecessor-version":[{"id":278,"href":"https:\/\/www.impulsionc.be\/index.php\/wp-json\/wp\/v2\/pages\/168\/revisions\/278"}],"up":[{"embeddable":true,"href":"https:\/\/www.impulsionc.be\/index.php\/wp-json\/wp\/v2\/pages\/56"}],"wp:attachment":[{"href":"https:\/\/www.impulsionc.be\/index.php\/wp-json\/wp\/v2\/media?parent=168"}],"curies":[{"name":"wp","href":"https:\/\/api.w.org\/{rel}","templated":true}]}}