{"id":154,"date":"2024-09-07T10:36:15","date_gmt":"2024-09-07T08:36:15","guid":{"rendered":"https:\/\/www.impulsionc.be\/?page_id=154"},"modified":"2024-09-23T20:44:11","modified_gmt":"2024-09-23T18:44:11","slug":"mathieu-de-la-croix","status":"publish","type":"page","link":"https:\/\/www.impulsionc.be\/index.php\/nos-candidats\/mathieu-de-la-croix\/","title":{"rendered":"Mathieu de la Croix"},"content":{"rendered":"\n<div class=\"wp-block-media-text is-stacked-on-mobile\"><figure class=\"wp-block-media-text__media\"><img loading=\"lazy\" decoding=\"async\" width=\"625\" height=\"625\" src=\"https:\/\/www.impulsionc.be\/wp-content\/uploads\/2024\/09\/Mathieu-de-la-Croix.jpg\" alt=\"\" class=\"wp-image-155 size-full\" srcset=\"https:\/\/www.impulsionc.be\/wp-content\/uploads\/2024\/09\/Mathieu-de-la-Croix.jpg 625w, https:\/\/www.impulsionc.be\/wp-content\/uploads\/2024\/09\/Mathieu-de-la-Croix-300x300.jpg 300w, https:\/\/www.impulsionc.be\/wp-content\/uploads\/2024\/09\/Mathieu-de-la-Croix-150x150.jpg 150w, https:\/\/www.impulsionc.be\/wp-content\/uploads\/2024\/09\/Mathieu-de-la-Croix-200x200.jpg 200w\" sizes=\"auto, (max-width: 625px) 100vw, 625px\" \/><\/figure><div class=\"wp-block-media-text__content\">\n<p>31 ans<\/p>\n\n\n\n<p>Ottignies centre<\/p>\n\n\n\n<p>Chef de projet<\/p>\n<\/div><\/div>\n\n\n\n<p>Mathieu de la Croix agrandi \u00e0 Louvain-la-Neuve et habite d\u00e9sormais dans le centre d\u2019Ottignies. Il a habit\u00e9 la commune pendant 25 ans. Pendant ce temps, il a voulu s\u2019investir aupr\u00e8s des collectivit\u00e9s autour de lui. D\u2019abord via le scoutisme, \u00e0 la 26e, puis dans la vie \u00e9tudiante, dans la sensibilisation \u00e0 l\u2019environnement, puis dans l\u2019organisation du Welcome Spring! Festival.<\/p>\n\n\n\n<p>Aujourd\u2019hui, il s&rsquo;engage pour am\u00e9liorer la qualit\u00e9 de vie dans notre commune avec deux d\u00e9fis : une politique environnementale ambitieuse et le d\u00e9veloppement du vivre ensemble<\/p>\n\n\n\n<p>Pour l\u2019environnement, une politique climatique et environnementale concr\u00e8te, c&rsquo;est renforcer le plan d\u2019adaptation pour qu&rsquo;il qui r\u00e9pond \u00e0 la hauteur du d\u00e9fi et de la force des inondations que la commune a v\u00e9cu. La commune doit aussi \u00eatre capable de mener des projets innovants pour la transition, comme les communaut\u00e9s d\u2019\u00e9nergie.<\/p>\n\n\n\n<p>Mais ce n\u2019est pas le seul d\u00e9fi auquel la commune fait face, il y a bien s\u00fbr les cr\u00e8ches, la s\u00e9curit\u00e9, la propret\u00e9, le prix du logement \u00e0 LLN\u2026 mais comme habitant du centre d\u2019Ottignies, c\u2019est la volont\u00e9 de cr\u00e9er des espaces de vivre-ensemble qui est prioritaire. Le centre meurt \u00e0 petit feu ! mathieu veut participer \u00e0 redynamiser cette ville, cr\u00e9er des espaces de vie commune, enrayer la fuite des commerces.<\/p>\n\n\n\n<p>D\u00e9battons, engageons-nous, avan\u00e7ons, pour notre commune !<\/p>\n\n\n\n<p><strong>Ses 3 domaines de pr\u00e9dilection\u00a0:<\/strong><\/p>\n\n\n\n<ul class=\"wp-block-list\">\n<li>Environnement<\/li>\n\n\n\n<li>Commerces<\/li>\n\n\n\n<li>Urbanisme<\/li>\n<\/ul>\n","protected":false},"excerpt":{"rendered":"<p>31 ans Ottignies centre Chef de projet Mathieu de la Croix agrandi \u00e0 Louvain-la-Neuve et habite d\u00e9sormais dans le centre d\u2019Ottignies. Il a habit\u00e9 la commune&#46;&#46;&#46;<\/p>\n","protected":false},"author":1,"featured_media":0,"parent":56,"menu_order":0,"comment_status":"closed","ping_status":"closed","template":"","meta":{"footnotes":""},"class_list":["post-154","page","type-page","status-publish","hentry"],"yoast_head":"<!-- This site is optimized with the Yoast SEO plugin v23.2 - https:\/\/yoast.com\/wordpress\/plugins\/seo\/ -->\n<title>Mathieu de la Croix - ImpulsionC<\/title>\n<meta name=\"robots\" content=\"index, follow, max-snippet:-1, max-image-preview:large, max-video-preview:-1\" \/>\n<link rel=\"canonical\" href=\"https:\/\/www.impulsionc.be\/index.php\/nos-candidats\/mathieu-de-la-croix\/\" \/>\n<meta property=\"og:locale\" content=\"fr_FR\" \/>\n<meta property=\"og:type\" content=\"article\" \/>\n<meta property=\"og:title\" content=\"Mathieu de la Croix - ImpulsionC\" \/>\n<meta property=\"og:description\" content=\"31 ans Ottignies centre Chef de projet Mathieu de la Croix agrandi \u00e0 Louvain-la-Neuve et habite d\u00e9sormais dans le centre d\u2019Ottignies. Il a habit\u00e9 la commune&#046;&#046;&#046;\" \/>\n<meta property=\"og:url\" content=\"https:\/\/www.impulsionc.be\/index.php\/nos-candidats\/mathieu-de-la-croix\/\" \/>\n<meta property=\"og:site_name\" content=\"ImpulsionC\" \/>\n<meta property=\"article:publisher\" content=\"https:\/\/www.facebook.com\/people\/ImpulsionC\/61550514569117\/\" \/>\n<meta property=\"article:modified_time\" content=\"2024-09-23T18:44:11+00:00\" \/>\n<meta property=\"og:image\" content=\"https:\/\/www.impulsionc.be\/wp-content\/uploads\/2024\/09\/Mathieu-de-la-Croix.jpg\" \/>\n<meta name=\"twitter:card\" content=\"summary_large_image\" \/>\n<meta name=\"twitter:label1\" content=\"Dur\u00e9e de lecture estim\u00e9e\" \/>\n\t<meta name=\"twitter:data1\" content=\"2 minutes\" \/>\n<script type=\"application\/ld+json\" class=\"yoast-schema-graph\">{\"@context\":\"https:\/\/schema.org\",\"@graph\":[{\"@type\":\"WebPage\",\"@id\":\"https:\/\/www.impulsionc.be\/index.php\/nos-candidats\/mathieu-de-la-croix\/\",\"url\":\"https:\/\/www.impulsionc.be\/index.php\/nos-candidats\/mathieu-de-la-croix\/\",\"name\":\"Mathieu de la Croix - ImpulsionC\",\"isPartOf\":{\"@id\":\"https:\/\/www.impulsionc.be\/#website\"},\"primaryImageOfPage\":{\"@id\":\"https:\/\/www.impulsionc.be\/index.php\/nos-candidats\/mathieu-de-la-croix\/#primaryimage\"},\"image\":{\"@id\":\"https:\/\/www.impulsionc.be\/index.php\/nos-candidats\/mathieu-de-la-croix\/#primaryimage\"},\"thumbnailUrl\":\"https:\/\/www.impulsionc.be\/wp-content\/uploads\/2024\/09\/Mathieu-de-la-Croix.jpg\",\"datePublished\":\"2024-09-07T08:36:15+00:00\",\"dateModified\":\"2024-09-23T18:44:11+00:00\",\"breadcrumb\":{\"@id\":\"https:\/\/www.impulsionc.be\/index.php\/nos-candidats\/mathieu-de-la-croix\/#breadcrumb\"},\"inLanguage\":\"fr-FR\",\"potentialAction\":[{\"@type\":\"ReadAction\",\"target\":[\"https:\/\/www.impulsionc.be\/index.php\/nos-candidats\/mathieu-de-la-croix\/\"]}]},{\"@type\":\"ImageObject\",\"inLanguage\":\"fr-FR\",\"@id\":\"https:\/\/www.impulsionc.be\/index.php\/nos-candidats\/mathieu-de-la-croix\/#primaryimage\",\"url\":\"https:\/\/www.impulsionc.be\/wp-content\/uploads\/2024\/09\/Mathieu-de-la-Croix.jpg\",\"contentUrl\":\"https:\/\/www.impulsionc.be\/wp-content\/uploads\/2024\/09\/Mathieu-de-la-Croix.jpg\",\"width\":625,\"height\":625},{\"@type\":\"BreadcrumbList\",\"@id\":\"https:\/\/www.impulsionc.be\/index.php\/nos-candidats\/mathieu-de-la-croix\/#breadcrumb\",\"itemListElement\":[{\"@type\":\"ListItem\",\"position\":1,\"name\":\"Accueil\",\"item\":\"https:\/\/www.impulsionc.be\/\"},{\"@type\":\"ListItem\",\"position\":2,\"name\":\"Nos candidats\",\"item\":\"https:\/\/www.impulsionc.be\/index.php\/nos-candidats\/\"},{\"@type\":\"ListItem\",\"position\":3,\"name\":\"Mathieu de la Croix\"}]},{\"@type\":\"WebSite\",\"@id\":\"https:\/\/www.impulsionc.be\/#website\",\"url\":\"https:\/\/www.impulsionc.be\/\",\"name\":\"ImpulsionC\",\"description\":\"C\u2019est au quotidien qu\u2019on change les choses\",\"publisher\":{\"@id\":\"https:\/\/www.impulsionc.be\/#organization\"},\"potentialAction\":[{\"@type\":\"SearchAction\",\"target\":{\"@type\":\"EntryPoint\",\"urlTemplate\":\"https:\/\/www.impulsionc.be\/?s={search_term_string}\"},\"query-input\":\"required name=search_term_string\"}],\"inLanguage\":\"fr-FR\"},{\"@type\":\"Organization\",\"@id\":\"https:\/\/www.impulsionc.be\/#organization\",\"name\":\"ImpulsionC\",\"url\":\"https:\/\/www.impulsionc.be\/\",\"logo\":{\"@type\":\"ImageObject\",\"inLanguage\":\"fr-FR\",\"@id\":\"https:\/\/www.impulsionc.be\/#\/schema\/logo\/image\/\",\"url\":\"https:\/\/www.impulsionc.be\/wp-content\/uploads\/2024\/09\/cropped-cropped-Logo-couleur-baseline.png\",\"contentUrl\":\"https:\/\/www.impulsionc.be\/wp-content\/uploads\/2024\/09\/cropped-cropped-Logo-couleur-baseline.png\",\"width\":914,\"height\":241,\"caption\":\"ImpulsionC\"},\"image\":{\"@id\":\"https:\/\/www.impulsionc.be\/#\/schema\/logo\/image\/\"},\"sameAs\":[\"https:\/\/www.facebook.com\/people\/ImpulsionC\/61550514569117\/\"]}]}<\/script>\n<!-- \/ Yoast SEO plugin. -->","yoast_head_json":{"title":"Mathieu de la Croix - ImpulsionC","robots":{"index":"index","follow":"follow","max-snippet":"max-snippet:-1","max-image-preview":"max-image-preview:large","max-video-preview":"max-video-preview:-1"},"canonical":"https:\/\/www.impulsionc.be\/index.php\/nos-candidats\/mathieu-de-la-croix\/","og_locale":"fr_FR","og_type":"article","og_title":"Mathieu de la Croix - ImpulsionC","og_description":"31 ans Ottignies centre Chef de projet Mathieu de la Croix agrandi \u00e0 Louvain-la-Neuve et habite d\u00e9sormais dans le centre d\u2019Ottignies. Il a habit\u00e9 la commune&#46;&#46;&#46;","og_url":"https:\/\/www.impulsionc.be\/index.php\/nos-candidats\/mathieu-de-la-croix\/","og_site_name":"ImpulsionC","article_publisher":"https:\/\/www.facebook.com\/people\/ImpulsionC\/61550514569117\/","article_modified_time":"2024-09-23T18:44:11+00:00","og_image":[{"url":"https:\/\/www.impulsionc.be\/wp-content\/uploads\/2024\/09\/Mathieu-de-la-Croix.jpg"}],"twitter_card":"summary_large_image","twitter_misc":{"Dur\u00e9e de lecture estim\u00e9e":"2 minutes"},"schema":{"@context":"https:\/\/schema.org","@graph":[{"@type":"WebPage","@id":"https:\/\/www.impulsionc.be\/index.php\/nos-candidats\/mathieu-de-la-croix\/","url":"https:\/\/www.impulsionc.be\/index.php\/nos-candidats\/mathieu-de-la-croix\/","name":"Mathieu de la Croix - ImpulsionC","isPartOf":{"@id":"https:\/\/www.impulsionc.be\/#website"},"primaryImageOfPage":{"@id":"https:\/\/www.impulsionc.be\/index.php\/nos-candidats\/mathieu-de-la-croix\/#primaryimage"},"image":{"@id":"https:\/\/www.impulsionc.be\/index.php\/nos-candidats\/mathieu-de-la-croix\/#primaryimage"},"thumbnailUrl":"https:\/\/www.impulsionc.be\/wp-content\/uploads\/2024\/09\/Mathieu-de-la-Croix.jpg","datePublished":"2024-09-07T08:36:15+00:00","dateModified":"2024-09-23T18:44:11+00:00","breadcrumb":{"@id":"https:\/\/www.impulsionc.be\/index.php\/nos-candidats\/mathieu-de-la-croix\/#breadcrumb"},"inLanguage":"fr-FR","potentialAction":[{"@type":"ReadAction","target":["https:\/\/www.impulsionc.be\/index.php\/nos-candidats\/mathieu-de-la-croix\/"]}]},{"@type":"ImageObject","inLanguage":"fr-FR","@id":"https:\/\/www.impulsionc.be\/index.php\/nos-candidats\/mathieu-de-la-croix\/#primaryimage","url":"https:\/\/www.impulsionc.be\/wp-content\/uploads\/2024\/09\/Mathieu-de-la-Croix.jpg","contentUrl":"https:\/\/www.impulsionc.be\/wp-content\/uploads\/2024\/09\/Mathieu-de-la-Croix.jpg","width":625,"height":625},{"@type":"BreadcrumbList","@id":"https:\/\/www.impulsionc.be\/index.php\/nos-candidats\/mathieu-de-la-croix\/#breadcrumb","itemListElement":[{"@type":"ListItem","position":1,"name":"Accueil","item":"https:\/\/www.impulsionc.be\/"},{"@type":"ListItem","position":2,"name":"Nos candidats","item":"https:\/\/www.impulsionc.be\/index.php\/nos-candidats\/"},{"@type":"ListItem","position":3,"name":"Mathieu de la Croix"}]},{"@type":"WebSite","@id":"https:\/\/www.impulsionc.be\/#website","url":"https:\/\/www.impulsionc.be\/","name":"ImpulsionC","description":"C\u2019est au quotidien qu\u2019on change les choses","publisher":{"@id":"https:\/\/www.impulsionc.be\/#organization"},"potentialAction":[{"@type":"SearchAction","target":{"@type":"EntryPoint","urlTemplate":"https:\/\/www.impulsionc.be\/?s={search_term_string}"},"query-input":"required name=search_term_string"}],"inLanguage":"fr-FR"},{"@type":"Organization","@id":"https:\/\/www.impulsionc.be\/#organization","name":"ImpulsionC","url":"https:\/\/www.impulsionc.be\/","logo":{"@type":"ImageObject","inLanguage":"fr-FR","@id":"https:\/\/www.impulsionc.be\/#\/schema\/logo\/image\/","url":"https:\/\/www.impulsionc.be\/wp-content\/uploads\/2024\/09\/cropped-cropped-Logo-couleur-baseline.png","contentUrl":"https:\/\/www.impulsionc.be\/wp-content\/uploads\/2024\/09\/cropped-cropped-Logo-couleur-baseline.png","width":914,"height":241,"caption":"ImpulsionC"},"image":{"@id":"https:\/\/www.impulsionc.be\/#\/schema\/logo\/image\/"},"sameAs":["https:\/\/www.facebook.com\/people\/ImpulsionC\/61550514569117\/"]}]}},"_links":{"self":[{"href":"https:\/\/www.impulsionc.be\/index.php\/wp-json\/wp\/v2\/pages\/154","targetHints":{"allow":["GET"]}}],"collection":[{"href":"https:\/\/www.impulsionc.be\/index.php\/wp-json\/wp\/v2\/pages"}],"about":[{"href":"https:\/\/www.impulsionc.be\/index.php\/wp-json\/wp\/v2\/types\/page"}],"author":[{"embeddable":true,"href":"https:\/\/www.impulsionc.be\/index.php\/wp-json\/wp\/v2\/users\/1"}],"replies":[{"embeddable":true,"href":"https:\/\/www.impulsionc.be\/index.php\/wp-json\/wp\/v2\/comments?post=154"}],"version-history":[{"count":2,"href":"https:\/\/www.impulsionc.be\/index.php\/wp-json\/wp\/v2\/pages\/154\/revisions"}],"predecessor-version":[{"id":269,"href":"https:\/\/www.impulsionc.be\/index.php\/wp-json\/wp\/v2\/pages\/154\/revisions\/269"}],"up":[{"embeddable":true,"href":"https:\/\/www.impulsionc.be\/index.php\/wp-json\/wp\/v2\/pages\/56"}],"wp:attachment":[{"href":"https:\/\/www.impulsionc.be\/index.php\/wp-json\/wp\/v2\/media?parent=154"}],"curies":[{"name":"wp","href":"https:\/\/api.w.org\/{rel}","templated":true}]}}