{"id":138,"date":"2024-09-07T10:35:05","date_gmt":"2024-09-07T08:35:05","guid":{"rendered":"https:\/\/www.impulsionc.be\/?page_id=138"},"modified":"2024-09-23T20:43:51","modified_gmt":"2024-09-23T18:43:51","slug":"marie-pierre-lewalle-lambert","status":"publish","type":"page","link":"https:\/\/www.impulsionc.be\/index.php\/nos-candidats\/marie-pierre-lewalle-lambert\/","title":{"rendered":"Marie-Pierre Lewalle-Lambert"},"content":{"rendered":"\n<div class=\"wp-block-media-text is-stacked-on-mobile\"><figure class=\"wp-block-media-text__media\"><img loading=\"lazy\" decoding=\"async\" width=\"625\" height=\"625\" src=\"https:\/\/www.impulsionc.be\/wp-content\/uploads\/2024\/09\/Marie-Pierre-Lewalle.jpg\" alt=\"\" class=\"wp-image-139 size-full\" srcset=\"https:\/\/www.impulsionc.be\/wp-content\/uploads\/2024\/09\/Marie-Pierre-Lewalle.jpg 625w, https:\/\/www.impulsionc.be\/wp-content\/uploads\/2024\/09\/Marie-Pierre-Lewalle-300x300.jpg 300w, https:\/\/www.impulsionc.be\/wp-content\/uploads\/2024\/09\/Marie-Pierre-Lewalle-150x150.jpg 150w, https:\/\/www.impulsionc.be\/wp-content\/uploads\/2024\/09\/Marie-Pierre-Lewalle-200x200.jpg 200w\" sizes=\"auto, (max-width: 625px) 100vw, 625px\" \/><\/figure><div class=\"wp-block-media-text__content\">\n<p>64 ans, mari\u00e9e<\/p>\n\n\n\n<p>Blocry<\/p>\n\n\n\n<p>Kin\u00e9sith\u00e9rapeute retrait\u00e9e Conseill\u00e8re CPAS<\/p>\n<\/div><\/div>\n\n\n\n<p>Ottintoise de naissance, maman de cinq enfants et grand-m\u00e8re de sept petits-enfants.<\/p>\n\n\n\n<p>Elle est actuellement conseill\u00e8re CPAS. De janvier 2019 \u00e0 juin 2022, elle a \u00e9t\u00e9 pr\u00e9sidente du CPAS et conseill\u00e8re communale pendant les 8 ann\u00e9es pr\u00e9c\u00e9dentes.&nbsp; Elle est encore&nbsp; membre du Conseil d\u2019administration de la R\u00e9gie des quartiers de la Dyle et du relais social du BW ainsi que b\u00e9n\u00e9vole \u00e0 l\u2019Entraide de Blocry.<\/p>\n\n\n\n<p>Elle aimerait continuer \u00e0 s\u2019investir pour sa commune afin de pouvoir soutenir les projets comme la transformation des co-accueils en cr\u00e8che communale ainsi que l\u2019augmentation du nombre de place d\u2019accueil, la r\u00e9habilitation de la R\u00e9sidence du Moulin, la construction d\u2019une MR-MRS publique, la r\u00e9novation de la place du centre\u2026&nbsp;<\/p>\n\n\n\n<p>Elle est convaincue que c\u2019est ensemble que l\u2019on peut faire \u00e9voluer le mieux vivre dans la commune et que cela passe par le respect de la Nature et des Hommes. Elle souhaite mettre l\u2019accent sur le d\u00e9veloppement du bien-\u00eatre, la protection de l\u2019environnement tout en restant attentive aux personnes fragilis\u00e9es.<\/p>\n\n\n\n<p><strong>Ses 3 mati\u00e8res de pr\u00e9dilection<\/strong><\/p>\n\n\n\n<ul class=\"wp-block-list\">\n<li>Social<\/li>\n\n\n\n<li>Environnement<\/li>\n\n\n\n<li>Qualit\u00e9 de vie.<\/li>\n<\/ul>\n","protected":false},"excerpt":{"rendered":"<p>64 ans, mari\u00e9e Blocry Kin\u00e9sith\u00e9rapeute retrait\u00e9e Conseill\u00e8re CPAS Ottintoise de naissance, maman de cinq enfants et grand-m\u00e8re de sept petits-enfants. Elle est actuellement conseill\u00e8re CPAS. De&#46;&#46;&#46;<\/p>\n","protected":false},"author":1,"featured_media":0,"parent":56,"menu_order":0,"comment_status":"closed","ping_status":"closed","template":"","meta":{"footnotes":""},"class_list":["post-138","page","type-page","status-publish","hentry"],"yoast_head":"<!-- This site is optimized with the Yoast SEO plugin v23.2 - https:\/\/yoast.com\/wordpress\/plugins\/seo\/ -->\n<title>Marie-Pierre Lewalle-Lambert - ImpulsionC<\/title>\n<meta name=\"robots\" content=\"index, follow, max-snippet:-1, max-image-preview:large, max-video-preview:-1\" \/>\n<link rel=\"canonical\" href=\"https:\/\/www.impulsionc.be\/index.php\/nos-candidats\/marie-pierre-lewalle-lambert\/\" \/>\n<meta property=\"og:locale\" content=\"fr_FR\" \/>\n<meta property=\"og:type\" content=\"article\" \/>\n<meta property=\"og:title\" content=\"Marie-Pierre Lewalle-Lambert - ImpulsionC\" \/>\n<meta property=\"og:description\" content=\"64 ans, mari\u00e9e Blocry Kin\u00e9sith\u00e9rapeute retrait\u00e9e Conseill\u00e8re CPAS Ottintoise de naissance, maman de cinq enfants et grand-m\u00e8re de sept petits-enfants. Elle est actuellement conseill\u00e8re CPAS. De&#046;&#046;&#046;\" \/>\n<meta property=\"og:url\" content=\"https:\/\/www.impulsionc.be\/index.php\/nos-candidats\/marie-pierre-lewalle-lambert\/\" \/>\n<meta property=\"og:site_name\" content=\"ImpulsionC\" \/>\n<meta property=\"article:publisher\" content=\"https:\/\/www.facebook.com\/people\/ImpulsionC\/61550514569117\/\" \/>\n<meta property=\"article:modified_time\" content=\"2024-09-23T18:43:51+00:00\" \/>\n<meta property=\"og:image\" content=\"https:\/\/www.impulsionc.be\/wp-content\/uploads\/2024\/09\/Marie-Pierre-Lewalle.jpg\" \/>\n<meta name=\"twitter:card\" content=\"summary_large_image\" \/>\n<meta name=\"twitter:label1\" content=\"Dur\u00e9e de lecture estim\u00e9e\" \/>\n\t<meta name=\"twitter:data1\" content=\"2 minutes\" \/>\n<script type=\"application\/ld+json\" class=\"yoast-schema-graph\">{\"@context\":\"https:\/\/schema.org\",\"@graph\":[{\"@type\":\"WebPage\",\"@id\":\"https:\/\/www.impulsionc.be\/index.php\/nos-candidats\/marie-pierre-lewalle-lambert\/\",\"url\":\"https:\/\/www.impulsionc.be\/index.php\/nos-candidats\/marie-pierre-lewalle-lambert\/\",\"name\":\"Marie-Pierre Lewalle-Lambert - ImpulsionC\",\"isPartOf\":{\"@id\":\"https:\/\/www.impulsionc.be\/#website\"},\"primaryImageOfPage\":{\"@id\":\"https:\/\/www.impulsionc.be\/index.php\/nos-candidats\/marie-pierre-lewalle-lambert\/#primaryimage\"},\"image\":{\"@id\":\"https:\/\/www.impulsionc.be\/index.php\/nos-candidats\/marie-pierre-lewalle-lambert\/#primaryimage\"},\"thumbnailUrl\":\"https:\/\/www.impulsionc.be\/wp-content\/uploads\/2024\/09\/Marie-Pierre-Lewalle.jpg\",\"datePublished\":\"2024-09-07T08:35:05+00:00\",\"dateModified\":\"2024-09-23T18:43:51+00:00\",\"breadcrumb\":{\"@id\":\"https:\/\/www.impulsionc.be\/index.php\/nos-candidats\/marie-pierre-lewalle-lambert\/#breadcrumb\"},\"inLanguage\":\"fr-FR\",\"potentialAction\":[{\"@type\":\"ReadAction\",\"target\":[\"https:\/\/www.impulsionc.be\/index.php\/nos-candidats\/marie-pierre-lewalle-lambert\/\"]}]},{\"@type\":\"ImageObject\",\"inLanguage\":\"fr-FR\",\"@id\":\"https:\/\/www.impulsionc.be\/index.php\/nos-candidats\/marie-pierre-lewalle-lambert\/#primaryimage\",\"url\":\"https:\/\/www.impulsionc.be\/wp-content\/uploads\/2024\/09\/Marie-Pierre-Lewalle.jpg\",\"contentUrl\":\"https:\/\/www.impulsionc.be\/wp-content\/uploads\/2024\/09\/Marie-Pierre-Lewalle.jpg\",\"width\":625,\"height\":625},{\"@type\":\"BreadcrumbList\",\"@id\":\"https:\/\/www.impulsionc.be\/index.php\/nos-candidats\/marie-pierre-lewalle-lambert\/#breadcrumb\",\"itemListElement\":[{\"@type\":\"ListItem\",\"position\":1,\"name\":\"Accueil\",\"item\":\"https:\/\/www.impulsionc.be\/\"},{\"@type\":\"ListItem\",\"position\":2,\"name\":\"Nos candidats\",\"item\":\"https:\/\/www.impulsionc.be\/index.php\/nos-candidats\/\"},{\"@type\":\"ListItem\",\"position\":3,\"name\":\"Marie-Pierre Lewalle-Lambert\"}]},{\"@type\":\"WebSite\",\"@id\":\"https:\/\/www.impulsionc.be\/#website\",\"url\":\"https:\/\/www.impulsionc.be\/\",\"name\":\"ImpulsionC\",\"description\":\"C\u2019est au quotidien qu\u2019on change les choses\",\"publisher\":{\"@id\":\"https:\/\/www.impulsionc.be\/#organization\"},\"potentialAction\":[{\"@type\":\"SearchAction\",\"target\":{\"@type\":\"EntryPoint\",\"urlTemplate\":\"https:\/\/www.impulsionc.be\/?s={search_term_string}\"},\"query-input\":\"required name=search_term_string\"}],\"inLanguage\":\"fr-FR\"},{\"@type\":\"Organization\",\"@id\":\"https:\/\/www.impulsionc.be\/#organization\",\"name\":\"ImpulsionC\",\"url\":\"https:\/\/www.impulsionc.be\/\",\"logo\":{\"@type\":\"ImageObject\",\"inLanguage\":\"fr-FR\",\"@id\":\"https:\/\/www.impulsionc.be\/#\/schema\/logo\/image\/\",\"url\":\"https:\/\/www.impulsionc.be\/wp-content\/uploads\/2024\/09\/cropped-cropped-Logo-couleur-baseline.png\",\"contentUrl\":\"https:\/\/www.impulsionc.be\/wp-content\/uploads\/2024\/09\/cropped-cropped-Logo-couleur-baseline.png\",\"width\":914,\"height\":241,\"caption\":\"ImpulsionC\"},\"image\":{\"@id\":\"https:\/\/www.impulsionc.be\/#\/schema\/logo\/image\/\"},\"sameAs\":[\"https:\/\/www.facebook.com\/people\/ImpulsionC\/61550514569117\/\"]}]}<\/script>\n<!-- \/ Yoast SEO plugin. -->","yoast_head_json":{"title":"Marie-Pierre Lewalle-Lambert - ImpulsionC","robots":{"index":"index","follow":"follow","max-snippet":"max-snippet:-1","max-image-preview":"max-image-preview:large","max-video-preview":"max-video-preview:-1"},"canonical":"https:\/\/www.impulsionc.be\/index.php\/nos-candidats\/marie-pierre-lewalle-lambert\/","og_locale":"fr_FR","og_type":"article","og_title":"Marie-Pierre Lewalle-Lambert - ImpulsionC","og_description":"64 ans, mari\u00e9e Blocry Kin\u00e9sith\u00e9rapeute retrait\u00e9e Conseill\u00e8re CPAS Ottintoise de naissance, maman de cinq enfants et grand-m\u00e8re de sept petits-enfants. Elle est actuellement conseill\u00e8re CPAS. De&#46;&#46;&#46;","og_url":"https:\/\/www.impulsionc.be\/index.php\/nos-candidats\/marie-pierre-lewalle-lambert\/","og_site_name":"ImpulsionC","article_publisher":"https:\/\/www.facebook.com\/people\/ImpulsionC\/61550514569117\/","article_modified_time":"2024-09-23T18:43:51+00:00","og_image":[{"url":"https:\/\/www.impulsionc.be\/wp-content\/uploads\/2024\/09\/Marie-Pierre-Lewalle.jpg"}],"twitter_card":"summary_large_image","twitter_misc":{"Dur\u00e9e de lecture estim\u00e9e":"2 minutes"},"schema":{"@context":"https:\/\/schema.org","@graph":[{"@type":"WebPage","@id":"https:\/\/www.impulsionc.be\/index.php\/nos-candidats\/marie-pierre-lewalle-lambert\/","url":"https:\/\/www.impulsionc.be\/index.php\/nos-candidats\/marie-pierre-lewalle-lambert\/","name":"Marie-Pierre Lewalle-Lambert - ImpulsionC","isPartOf":{"@id":"https:\/\/www.impulsionc.be\/#website"},"primaryImageOfPage":{"@id":"https:\/\/www.impulsionc.be\/index.php\/nos-candidats\/marie-pierre-lewalle-lambert\/#primaryimage"},"image":{"@id":"https:\/\/www.impulsionc.be\/index.php\/nos-candidats\/marie-pierre-lewalle-lambert\/#primaryimage"},"thumbnailUrl":"https:\/\/www.impulsionc.be\/wp-content\/uploads\/2024\/09\/Marie-Pierre-Lewalle.jpg","datePublished":"2024-09-07T08:35:05+00:00","dateModified":"2024-09-23T18:43:51+00:00","breadcrumb":{"@id":"https:\/\/www.impulsionc.be\/index.php\/nos-candidats\/marie-pierre-lewalle-lambert\/#breadcrumb"},"inLanguage":"fr-FR","potentialAction":[{"@type":"ReadAction","target":["https:\/\/www.impulsionc.be\/index.php\/nos-candidats\/marie-pierre-lewalle-lambert\/"]}]},{"@type":"ImageObject","inLanguage":"fr-FR","@id":"https:\/\/www.impulsionc.be\/index.php\/nos-candidats\/marie-pierre-lewalle-lambert\/#primaryimage","url":"https:\/\/www.impulsionc.be\/wp-content\/uploads\/2024\/09\/Marie-Pierre-Lewalle.jpg","contentUrl":"https:\/\/www.impulsionc.be\/wp-content\/uploads\/2024\/09\/Marie-Pierre-Lewalle.jpg","width":625,"height":625},{"@type":"BreadcrumbList","@id":"https:\/\/www.impulsionc.be\/index.php\/nos-candidats\/marie-pierre-lewalle-lambert\/#breadcrumb","itemListElement":[{"@type":"ListItem","position":1,"name":"Accueil","item":"https:\/\/www.impulsionc.be\/"},{"@type":"ListItem","position":2,"name":"Nos candidats","item":"https:\/\/www.impulsionc.be\/index.php\/nos-candidats\/"},{"@type":"ListItem","position":3,"name":"Marie-Pierre Lewalle-Lambert"}]},{"@type":"WebSite","@id":"https:\/\/www.impulsionc.be\/#website","url":"https:\/\/www.impulsionc.be\/","name":"ImpulsionC","description":"C\u2019est au quotidien qu\u2019on change les choses","publisher":{"@id":"https:\/\/www.impulsionc.be\/#organization"},"potentialAction":[{"@type":"SearchAction","target":{"@type":"EntryPoint","urlTemplate":"https:\/\/www.impulsionc.be\/?s={search_term_string}"},"query-input":"required name=search_term_string"}],"inLanguage":"fr-FR"},{"@type":"Organization","@id":"https:\/\/www.impulsionc.be\/#organization","name":"ImpulsionC","url":"https:\/\/www.impulsionc.be\/","logo":{"@type":"ImageObject","inLanguage":"fr-FR","@id":"https:\/\/www.impulsionc.be\/#\/schema\/logo\/image\/","url":"https:\/\/www.impulsionc.be\/wp-content\/uploads\/2024\/09\/cropped-cropped-Logo-couleur-baseline.png","contentUrl":"https:\/\/www.impulsionc.be\/wp-content\/uploads\/2024\/09\/cropped-cropped-Logo-couleur-baseline.png","width":914,"height":241,"caption":"ImpulsionC"},"image":{"@id":"https:\/\/www.impulsionc.be\/#\/schema\/logo\/image\/"},"sameAs":["https:\/\/www.facebook.com\/people\/ImpulsionC\/61550514569117\/"]}]}},"_links":{"self":[{"href":"https:\/\/www.impulsionc.be\/index.php\/wp-json\/wp\/v2\/pages\/138","targetHints":{"allow":["GET"]}}],"collection":[{"href":"https:\/\/www.impulsionc.be\/index.php\/wp-json\/wp\/v2\/pages"}],"about":[{"href":"https:\/\/www.impulsionc.be\/index.php\/wp-json\/wp\/v2\/types\/page"}],"author":[{"embeddable":true,"href":"https:\/\/www.impulsionc.be\/index.php\/wp-json\/wp\/v2\/users\/1"}],"replies":[{"embeddable":true,"href":"https:\/\/www.impulsionc.be\/index.php\/wp-json\/wp\/v2\/comments?post=138"}],"version-history":[{"count":2,"href":"https:\/\/www.impulsionc.be\/index.php\/wp-json\/wp\/v2\/pages\/138\/revisions"}],"predecessor-version":[{"id":268,"href":"https:\/\/www.impulsionc.be\/index.php\/wp-json\/wp\/v2\/pages\/138\/revisions\/268"}],"up":[{"embeddable":true,"href":"https:\/\/www.impulsionc.be\/index.php\/wp-json\/wp\/v2\/pages\/56"}],"wp:attachment":[{"href":"https:\/\/www.impulsionc.be\/index.php\/wp-json\/wp\/v2\/media?parent=138"}],"curies":[{"name":"wp","href":"https:\/\/api.w.org\/{rel}","templated":true}]}}