{"id":112,"date":"2024-09-07T10:02:51","date_gmt":"2024-09-07T08:02:51","guid":{"rendered":"https:\/\/www.impulsionc.be\/?page_id=112"},"modified":"2024-09-27T09:31:02","modified_gmt":"2024-09-27T07:31:02","slug":"benoit-jacob","status":"publish","type":"page","link":"https:\/\/www.impulsionc.be\/index.php\/nos-candidats\/benoit-jacob\/","title":{"rendered":"Benoit Jacob"},"content":{"rendered":"\n<ul class=\"wp-block-social-links is-layout-flex wp-block-social-links-is-layout-flex\"><li class=\"wp-social-link wp-social-link-whatsapp  wp-block-social-link\"><a href=\"https:\/\/wa.me\/32477465515\" class=\"wp-block-social-link-anchor\"><svg width=\"24\" height=\"24\" viewBox=\"0 0 24 24\" version=\"1.1\" xmlns=\"http:\/\/www.w3.org\/2000\/svg\" aria-hidden=\"true\" focusable=\"false\"><path d=\"M 12.011719 2 C 6.5057187 2 2.0234844 6.478375 2.0214844 11.984375 C 2.0204844 13.744375 2.4814687 15.462563 3.3554688 16.976562 L 2 22 L 7.2324219 20.763672 C 8.6914219 21.559672 10.333859 21.977516 12.005859 21.978516 L 12.009766 21.978516 C 17.514766 21.978516 21.995047 17.499141 21.998047 11.994141 C 22.000047 9.3251406 20.962172 6.8157344 19.076172 4.9277344 C 17.190172 3.0407344 14.683719 2.001 12.011719 2 z M 12.009766 4 C 14.145766 4.001 16.153109 4.8337969 17.662109 6.3417969 C 19.171109 7.8517969 20.000047 9.8581875 19.998047 11.992188 C 19.996047 16.396187 16.413812 19.978516 12.007812 19.978516 C 10.674812 19.977516 9.3544062 19.642812 8.1914062 19.007812 L 7.5175781 18.640625 L 6.7734375 18.816406 L 4.8046875 19.28125 L 5.2851562 17.496094 L 5.5019531 16.695312 L 5.0878906 15.976562 C 4.3898906 14.768562 4.0204844 13.387375 4.0214844 11.984375 C 4.0234844 7.582375 7.6067656 4 12.009766 4 z M 8.4765625 7.375 C 8.3095625 7.375 8.0395469 7.4375 7.8105469 7.6875 C 7.5815469 7.9365 6.9355469 8.5395781 6.9355469 9.7675781 C 6.9355469 10.995578 7.8300781 12.182609 7.9550781 12.349609 C 8.0790781 12.515609 9.68175 15.115234 12.21875 16.115234 C 14.32675 16.946234 14.754891 16.782234 15.212891 16.740234 C 15.670891 16.699234 16.690438 16.137687 16.898438 15.554688 C 17.106437 14.971687 17.106922 14.470187 17.044922 14.367188 C 16.982922 14.263188 16.816406 14.201172 16.566406 14.076172 C 16.317406 13.951172 15.090328 13.348625 14.861328 13.265625 C 14.632328 13.182625 14.464828 13.140625 14.298828 13.390625 C 14.132828 13.640625 13.655766 14.201187 13.509766 14.367188 C 13.363766 14.534188 13.21875 14.556641 12.96875 14.431641 C 12.71875 14.305641 11.914938 14.041406 10.960938 13.191406 C 10.218937 12.530406 9.7182656 11.714844 9.5722656 11.464844 C 9.4272656 11.215844 9.5585938 11.079078 9.6835938 10.955078 C 9.7955938 10.843078 9.9316406 10.663578 10.056641 10.517578 C 10.180641 10.371578 10.223641 10.267562 10.306641 10.101562 C 10.389641 9.9355625 10.347156 9.7890625 10.285156 9.6640625 C 10.223156 9.5390625 9.737625 8.3065 9.515625 7.8125 C 9.328625 7.3975 9.131125 7.3878594 8.953125 7.3808594 C 8.808125 7.3748594 8.6425625 7.375 8.4765625 7.375 z\"><\/path><\/svg><span class=\"wp-block-social-link-label screen-reader-text\">WhatsApp<\/span><\/a><\/li>\n\n<li class=\"wp-social-link wp-social-link-mail  wp-block-social-link\"><a href=\"mailto:&#098;enoit&#106;a&#099;&#111;b2&#048;0&#048;&#064;&#121;ah&#111;&#111;&#046;f&#114;\" class=\"wp-block-social-link-anchor\"><svg width=\"24\" height=\"24\" viewBox=\"0 0 24 24\" version=\"1.1\" xmlns=\"http:\/\/www.w3.org\/2000\/svg\" aria-hidden=\"true\" focusable=\"false\"><path d=\"M19,5H5c-1.1,0-2,.9-2,2v10c0,1.1.9,2,2,2h14c1.1,0,2-.9,2-2V7c0-1.1-.9-2-2-2zm.5,12c0,.3-.2.5-.5.5H5c-.3,0-.5-.2-.5-.5V9.8l7.5,5.6,7.5-5.6V17zm0-9.1L12,13.6,4.5,7.9V7c0-.3.2-.5.5-.5h14c.3,0,.5.2.5.5v.9z\"><\/path><\/svg><span class=\"wp-block-social-link-label screen-reader-text\">Mail<\/span><\/a><\/li><\/ul>\n\n\n\n<div class=\"wp-block-media-text is-stacked-on-mobile\"><figure class=\"wp-block-media-text__media\"><img loading=\"lazy\" decoding=\"async\" width=\"625\" height=\"625\" src=\"https:\/\/www.impulsionc.be\/wp-content\/uploads\/2024\/09\/Benoit-Jacob.jpg\" alt=\"\" class=\"wp-image-113 size-full\" srcset=\"https:\/\/www.impulsionc.be\/wp-content\/uploads\/2024\/09\/Benoit-Jacob.jpg 625w, https:\/\/www.impulsionc.be\/wp-content\/uploads\/2024\/09\/Benoit-Jacob-300x300.jpg 300w, https:\/\/www.impulsionc.be\/wp-content\/uploads\/2024\/09\/Benoit-Jacob-150x150.jpg 150w, https:\/\/www.impulsionc.be\/wp-content\/uploads\/2024\/09\/Benoit-Jacob-200x200.jpg 200w\" sizes=\"auto, (max-width: 625px) 100vw, 625px\" \/><\/figure><div class=\"wp-block-media-text__content\">\n<p>62 ans, mari\u00e9 \u00e0 V\u00e9ronique Mathy<\/p>\n\n\n\n<p>Papa de 3 enfants et Papy de 4 petits gar\u00e7ons<\/p>\n\n\n\n<p>C\u00e9roux-Mousty<\/p>\n\n\n\n<p>1<sup>er<\/sup> \u00e9chevin (urbanisme, sport, jeunesse, a\u00een\u00e9s, tourisme et f\u00eates) Avenir-Les Engag\u00e9-e-s<\/p>\n\n\n\n<p>Enseignant et \u00e0 vos c\u00f4t\u00e9s depuis 36 ans<\/p>\n<\/div><\/div>\n\n\n\n<p>Pour Beno\u00eet, on ne nait pas politicien, on le devient&nbsp;! A force d\u2019apprentissage et de rencontres. Rien ne s\u2019improvise&nbsp;! Observation, \u00e9coute et action au quotidien, tel est son credo.<\/p>\n\n\n\n<p>C\u2019est dans cet esprit que depuis 36 ans, il travaille avec vous et pour vous. En cheminant \u00e0 vos c\u00f4t\u00e9s, il est devenu mari, p\u00e8re de famille et grand-p\u00e8re ensuite.<\/p>\n\n\n\n<p>Enseignant de formation, il a appris \u00e0 vous conna\u00eetre et \u00e0 conna\u00eetre notre ville, il a apprivois\u00e9 la vie politique jusqu\u2019\u00e0 y participer tr\u00e8s activement et exclusivement. Conseiller communal, ensuite \u00e9chevin, il n\u2019a eu de cesse de tout mettre en \u0153uvre pour une ville prosp\u00e8re et des habitants heureux.<\/p>\n\n\n\n<p>Pour ce faire, il \u0153uvre pour le retour des jeunes familles sur notre territoire, une urbanisation raisonn\u00e9e, les plaines de jeux, les journ\u00e9es interg\u00e9n\u00e9rationnelles, \u00ab&nbsp;Ottignies-Louvain-la-Neuve commune sportive trois \u00e9toiles&nbsp;\u00bb, les f\u00eates de Wallonie, les mouvements de jeunesse\u2026<\/p>\n\n\n\n<p>Aujourd\u2019hui, afin de donner un nouveau souffle pour notre ville, Beno\u00eet n\u2019h\u00e9site pas \u00e0 prendre des risques et donner un coup de braquet avec Impulsion C. Il esp\u00e8re vous emmener dans son sillage vers de nouveaux d\u00e9fis pour notre ville avec une \u00e9quipe dynamique et enthousiaste.<\/p>\n\n\n\n<p><strong>Plus que jamais, agir dans notre ville pour vous et avec vous&nbsp;!<\/strong><\/p>\n\n\n\n<p><strong>Ses pr\u00e9occupations<\/strong><\/p>\n\n\n\n<p>&#8211; Le sport et la sant\u00e9<\/p>\n\n\n\n<p>&#8211; Les relations interg\u00e9n\u00e9rationnelles (jeunes-ain\u00e9s )<\/p>\n\n\n\n<p>&#8211; L\u2019environnement au quotidien (propret\u00e9, espaces verts, consommation locale,\u2026)<\/p>\n\n\n\n<p><\/p>\n","protected":false},"excerpt":{"rendered":"<p>62 ans, mari\u00e9 \u00e0 V\u00e9ronique Mathy Papa de 3 enfants et Papy de 4 petits gar\u00e7ons C\u00e9roux-Mousty 1er \u00e9chevin (urbanisme, sport, jeunesse, a\u00een\u00e9s, tourisme et f\u00eates)&#46;&#46;&#46;<\/p>\n","protected":false},"author":1,"featured_media":0,"parent":56,"menu_order":0,"comment_status":"closed","ping_status":"closed","template":"","meta":{"footnotes":""},"class_list":["post-112","page","type-page","status-publish","hentry"],"yoast_head":"<!-- This site is optimized with the Yoast SEO plugin v23.2 - https:\/\/yoast.com\/wordpress\/plugins\/seo\/ -->\n<title>Benoit Jacob - ImpulsionC<\/title>\n<meta name=\"robots\" content=\"index, follow, max-snippet:-1, max-image-preview:large, max-video-preview:-1\" \/>\n<link rel=\"canonical\" href=\"https:\/\/www.impulsionc.be\/index.php\/nos-candidats\/benoit-jacob\/\" \/>\n<meta property=\"og:locale\" content=\"fr_FR\" \/>\n<meta property=\"og:type\" content=\"article\" \/>\n<meta property=\"og:title\" content=\"Benoit Jacob - ImpulsionC\" \/>\n<meta property=\"og:description\" content=\"62 ans, mari\u00e9 \u00e0 V\u00e9ronique Mathy Papa de 3 enfants et Papy de 4 petits gar\u00e7ons C\u00e9roux-Mousty 1er \u00e9chevin (urbanisme, sport, jeunesse, a\u00een\u00e9s, tourisme et f\u00eates)&#046;&#046;&#046;\" \/>\n<meta property=\"og:url\" content=\"https:\/\/www.impulsionc.be\/index.php\/nos-candidats\/benoit-jacob\/\" \/>\n<meta property=\"og:site_name\" content=\"ImpulsionC\" \/>\n<meta property=\"article:publisher\" content=\"https:\/\/www.facebook.com\/people\/ImpulsionC\/61550514569117\/\" \/>\n<meta property=\"article:modified_time\" content=\"2024-09-27T07:31:02+00:00\" \/>\n<meta property=\"og:image\" content=\"https:\/\/www.impulsionc.be\/wp-content\/uploads\/2024\/09\/Benoit-Jacob.jpg\" \/>\n<meta name=\"twitter:card\" content=\"summary_large_image\" \/>\n<meta name=\"twitter:label1\" content=\"Dur\u00e9e de lecture estim\u00e9e\" \/>\n\t<meta name=\"twitter:data1\" content=\"2 minutes\" \/>\n<script type=\"application\/ld+json\" class=\"yoast-schema-graph\">{\"@context\":\"https:\/\/schema.org\",\"@graph\":[{\"@type\":\"WebPage\",\"@id\":\"https:\/\/www.impulsionc.be\/index.php\/nos-candidats\/benoit-jacob\/\",\"url\":\"https:\/\/www.impulsionc.be\/index.php\/nos-candidats\/benoit-jacob\/\",\"name\":\"Benoit Jacob - ImpulsionC\",\"isPartOf\":{\"@id\":\"https:\/\/www.impulsionc.be\/#website\"},\"primaryImageOfPage\":{\"@id\":\"https:\/\/www.impulsionc.be\/index.php\/nos-candidats\/benoit-jacob\/#primaryimage\"},\"image\":{\"@id\":\"https:\/\/www.impulsionc.be\/index.php\/nos-candidats\/benoit-jacob\/#primaryimage\"},\"thumbnailUrl\":\"https:\/\/www.impulsionc.be\/wp-content\/uploads\/2024\/09\/Benoit-Jacob.jpg\",\"datePublished\":\"2024-09-07T08:02:51+00:00\",\"dateModified\":\"2024-09-27T07:31:02+00:00\",\"breadcrumb\":{\"@id\":\"https:\/\/www.impulsionc.be\/index.php\/nos-candidats\/benoit-jacob\/#breadcrumb\"},\"inLanguage\":\"fr-FR\",\"potentialAction\":[{\"@type\":\"ReadAction\",\"target\":[\"https:\/\/www.impulsionc.be\/index.php\/nos-candidats\/benoit-jacob\/\"]}]},{\"@type\":\"ImageObject\",\"inLanguage\":\"fr-FR\",\"@id\":\"https:\/\/www.impulsionc.be\/index.php\/nos-candidats\/benoit-jacob\/#primaryimage\",\"url\":\"https:\/\/www.impulsionc.be\/wp-content\/uploads\/2024\/09\/Benoit-Jacob.jpg\",\"contentUrl\":\"https:\/\/www.impulsionc.be\/wp-content\/uploads\/2024\/09\/Benoit-Jacob.jpg\",\"width\":625,\"height\":625},{\"@type\":\"BreadcrumbList\",\"@id\":\"https:\/\/www.impulsionc.be\/index.php\/nos-candidats\/benoit-jacob\/#breadcrumb\",\"itemListElement\":[{\"@type\":\"ListItem\",\"position\":1,\"name\":\"Accueil\",\"item\":\"https:\/\/www.impulsionc.be\/\"},{\"@type\":\"ListItem\",\"position\":2,\"name\":\"Nos candidats\",\"item\":\"https:\/\/www.impulsionc.be\/index.php\/nos-candidats\/\"},{\"@type\":\"ListItem\",\"position\":3,\"name\":\"Benoit Jacob\"}]},{\"@type\":\"WebSite\",\"@id\":\"https:\/\/www.impulsionc.be\/#website\",\"url\":\"https:\/\/www.impulsionc.be\/\",\"name\":\"ImpulsionC\",\"description\":\"C\u2019est au quotidien qu\u2019on change les choses\",\"publisher\":{\"@id\":\"https:\/\/www.impulsionc.be\/#organization\"},\"potentialAction\":[{\"@type\":\"SearchAction\",\"target\":{\"@type\":\"EntryPoint\",\"urlTemplate\":\"https:\/\/www.impulsionc.be\/?s={search_term_string}\"},\"query-input\":\"required name=search_term_string\"}],\"inLanguage\":\"fr-FR\"},{\"@type\":\"Organization\",\"@id\":\"https:\/\/www.impulsionc.be\/#organization\",\"name\":\"ImpulsionC\",\"url\":\"https:\/\/www.impulsionc.be\/\",\"logo\":{\"@type\":\"ImageObject\",\"inLanguage\":\"fr-FR\",\"@id\":\"https:\/\/www.impulsionc.be\/#\/schema\/logo\/image\/\",\"url\":\"https:\/\/www.impulsionc.be\/wp-content\/uploads\/2024\/09\/cropped-cropped-Logo-couleur-baseline.png\",\"contentUrl\":\"https:\/\/www.impulsionc.be\/wp-content\/uploads\/2024\/09\/cropped-cropped-Logo-couleur-baseline.png\",\"width\":914,\"height\":241,\"caption\":\"ImpulsionC\"},\"image\":{\"@id\":\"https:\/\/www.impulsionc.be\/#\/schema\/logo\/image\/\"},\"sameAs\":[\"https:\/\/www.facebook.com\/people\/ImpulsionC\/61550514569117\/\"]}]}<\/script>\n<!-- \/ Yoast SEO plugin. -->","yoast_head_json":{"title":"Benoit Jacob - ImpulsionC","robots":{"index":"index","follow":"follow","max-snippet":"max-snippet:-1","max-image-preview":"max-image-preview:large","max-video-preview":"max-video-preview:-1"},"canonical":"https:\/\/www.impulsionc.be\/index.php\/nos-candidats\/benoit-jacob\/","og_locale":"fr_FR","og_type":"article","og_title":"Benoit Jacob - ImpulsionC","og_description":"62 ans, mari\u00e9 \u00e0 V\u00e9ronique Mathy Papa de 3 enfants et Papy de 4 petits gar\u00e7ons C\u00e9roux-Mousty 1er \u00e9chevin (urbanisme, sport, jeunesse, a\u00een\u00e9s, tourisme et f\u00eates)&#46;&#46;&#46;","og_url":"https:\/\/www.impulsionc.be\/index.php\/nos-candidats\/benoit-jacob\/","og_site_name":"ImpulsionC","article_publisher":"https:\/\/www.facebook.com\/people\/ImpulsionC\/61550514569117\/","article_modified_time":"2024-09-27T07:31:02+00:00","og_image":[{"url":"https:\/\/www.impulsionc.be\/wp-content\/uploads\/2024\/09\/Benoit-Jacob.jpg"}],"twitter_card":"summary_large_image","twitter_misc":{"Dur\u00e9e de lecture estim\u00e9e":"2 minutes"},"schema":{"@context":"https:\/\/schema.org","@graph":[{"@type":"WebPage","@id":"https:\/\/www.impulsionc.be\/index.php\/nos-candidats\/benoit-jacob\/","url":"https:\/\/www.impulsionc.be\/index.php\/nos-candidats\/benoit-jacob\/","name":"Benoit Jacob - ImpulsionC","isPartOf":{"@id":"https:\/\/www.impulsionc.be\/#website"},"primaryImageOfPage":{"@id":"https:\/\/www.impulsionc.be\/index.php\/nos-candidats\/benoit-jacob\/#primaryimage"},"image":{"@id":"https:\/\/www.impulsionc.be\/index.php\/nos-candidats\/benoit-jacob\/#primaryimage"},"thumbnailUrl":"https:\/\/www.impulsionc.be\/wp-content\/uploads\/2024\/09\/Benoit-Jacob.jpg","datePublished":"2024-09-07T08:02:51+00:00","dateModified":"2024-09-27T07:31:02+00:00","breadcrumb":{"@id":"https:\/\/www.impulsionc.be\/index.php\/nos-candidats\/benoit-jacob\/#breadcrumb"},"inLanguage":"fr-FR","potentialAction":[{"@type":"ReadAction","target":["https:\/\/www.impulsionc.be\/index.php\/nos-candidats\/benoit-jacob\/"]}]},{"@type":"ImageObject","inLanguage":"fr-FR","@id":"https:\/\/www.impulsionc.be\/index.php\/nos-candidats\/benoit-jacob\/#primaryimage","url":"https:\/\/www.impulsionc.be\/wp-content\/uploads\/2024\/09\/Benoit-Jacob.jpg","contentUrl":"https:\/\/www.impulsionc.be\/wp-content\/uploads\/2024\/09\/Benoit-Jacob.jpg","width":625,"height":625},{"@type":"BreadcrumbList","@id":"https:\/\/www.impulsionc.be\/index.php\/nos-candidats\/benoit-jacob\/#breadcrumb","itemListElement":[{"@type":"ListItem","position":1,"name":"Accueil","item":"https:\/\/www.impulsionc.be\/"},{"@type":"ListItem","position":2,"name":"Nos candidats","item":"https:\/\/www.impulsionc.be\/index.php\/nos-candidats\/"},{"@type":"ListItem","position":3,"name":"Benoit Jacob"}]},{"@type":"WebSite","@id":"https:\/\/www.impulsionc.be\/#website","url":"https:\/\/www.impulsionc.be\/","name":"ImpulsionC","description":"C\u2019est au quotidien qu\u2019on change les choses","publisher":{"@id":"https:\/\/www.impulsionc.be\/#organization"},"potentialAction":[{"@type":"SearchAction","target":{"@type":"EntryPoint","urlTemplate":"https:\/\/www.impulsionc.be\/?s={search_term_string}"},"query-input":"required name=search_term_string"}],"inLanguage":"fr-FR"},{"@type":"Organization","@id":"https:\/\/www.impulsionc.be\/#organization","name":"ImpulsionC","url":"https:\/\/www.impulsionc.be\/","logo":{"@type":"ImageObject","inLanguage":"fr-FR","@id":"https:\/\/www.impulsionc.be\/#\/schema\/logo\/image\/","url":"https:\/\/www.impulsionc.be\/wp-content\/uploads\/2024\/09\/cropped-cropped-Logo-couleur-baseline.png","contentUrl":"https:\/\/www.impulsionc.be\/wp-content\/uploads\/2024\/09\/cropped-cropped-Logo-couleur-baseline.png","width":914,"height":241,"caption":"ImpulsionC"},"image":{"@id":"https:\/\/www.impulsionc.be\/#\/schema\/logo\/image\/"},"sameAs":["https:\/\/www.facebook.com\/people\/ImpulsionC\/61550514569117\/"]}]}},"_links":{"self":[{"href":"https:\/\/www.impulsionc.be\/index.php\/wp-json\/wp\/v2\/pages\/112","targetHints":{"allow":["GET"]}}],"collection":[{"href":"https:\/\/www.impulsionc.be\/index.php\/wp-json\/wp\/v2\/pages"}],"about":[{"href":"https:\/\/www.impulsionc.be\/index.php\/wp-json\/wp\/v2\/types\/page"}],"author":[{"embeddable":true,"href":"https:\/\/www.impulsionc.be\/index.php\/wp-json\/wp\/v2\/users\/1"}],"replies":[{"embeddable":true,"href":"https:\/\/www.impulsionc.be\/index.php\/wp-json\/wp\/v2\/comments?post=112"}],"version-history":[{"count":2,"href":"https:\/\/www.impulsionc.be\/index.php\/wp-json\/wp\/v2\/pages\/112\/revisions"}],"predecessor-version":[{"id":334,"href":"https:\/\/www.impulsionc.be\/index.php\/wp-json\/wp\/v2\/pages\/112\/revisions\/334"}],"up":[{"embeddable":true,"href":"https:\/\/www.impulsionc.be\/index.php\/wp-json\/wp\/v2\/pages\/56"}],"wp:attachment":[{"href":"https:\/\/www.impulsionc.be\/index.php\/wp-json\/wp\/v2\/media?parent=112"}],"curies":[{"name":"wp","href":"https:\/\/api.w.org\/{rel}","templated":true}]}}