{"id":109,"date":"2024-09-07T10:39:41","date_gmt":"2024-09-07T08:39:41","guid":{"rendered":"https:\/\/www.impulsionc.be\/?page_id=109"},"modified":"2024-09-23T21:48:41","modified_gmt":"2024-09-23T19:48:41","slug":"sarah-gommidh","status":"publish","type":"page","link":"https:\/\/www.impulsionc.be\/index.php\/nos-candidats\/sarah-gommidh\/","title":{"rendered":"Sarah Gommidh"},"content":{"rendered":"\n<div class=\"wp-block-media-text is-stacked-on-mobile\"><figure class=\"wp-block-media-text__media\"><img loading=\"lazy\" decoding=\"async\" width=\"625\" height=\"625\" src=\"https:\/\/www.impulsionc.be\/wp-content\/uploads\/2024\/09\/Sarah-Gommidh.jpg\" alt=\"\" class=\"wp-image-110 size-full\" srcset=\"https:\/\/www.impulsionc.be\/wp-content\/uploads\/2024\/09\/Sarah-Gommidh.jpg 625w, https:\/\/www.impulsionc.be\/wp-content\/uploads\/2024\/09\/Sarah-Gommidh-300x300.jpg 300w, https:\/\/www.impulsionc.be\/wp-content\/uploads\/2024\/09\/Sarah-Gommidh-150x150.jpg 150w, https:\/\/www.impulsionc.be\/wp-content\/uploads\/2024\/09\/Sarah-Gommidh-200x200.jpg 200w\" sizes=\"auto, (max-width: 625px) 100vw, 625px\" \/><\/figure><div class=\"wp-block-media-text__content\">\n<p>30 ans, c\u00e9libataire (en couple)<\/p>\n\n\n\n<p>Ceroux Mousty<\/p>\n\n\n\n<p>Enseignante math\u00e9matiques<\/p>\n\n\n\n<p>Professeur de danse<\/p>\n\n\n\n<p>Pr\u00e9sidente de l\u2019ASBL \u00ab&nbsp;Save the Dance&nbsp;\u00bb<\/p>\n<\/div><\/div>\n\n\n\n<p>Habitant N\u00e9o louvaniste depuis 15 ans, dipl\u00f4m\u00e9e d\u2019un AESI en Math\u00e9matiques Appliqu\u00e9es, professeur de danse et coach Fitness, Sarah travaille \u00e0 temps plein \u00e0 l\u2019ath\u00e9n\u00e9e royale de Uccle 1 en tant qu\u2019enseignante en math\u00e9matiques au degr\u00e9 inf\u00e9rieur.<\/p>\n\n\n\n<p>Elle est galement pr\u00e9sidente de l\u2019ASBL \u00ab&nbsp;Save the dance&nbsp;\u00bb, qui vise \u00e0 pr\u00e9parer les ouvertures de bal des futurs mari\u00e9s en Belgique et \u00e0 l\u2019\u00e9tranger. Sarah est aussi membre du collectif hip-hop LLC bas\u00e9 sur Louvain-la-Neuve et professeur de danse dans plusieurs \u00e9coles de la r\u00e9gions.<\/p>\n\n\n\n<p>Elle est aussi la coach du crew de danse \u00ab&nbsp;Leader Team&nbsp;\u00bb compos\u00e9 de 9 danseuses.<\/p>\n\n\n\n<p>Proche des jeunes et tr\u00e8s ancr\u00e9e dans le milieu culturel et sportif, Sarah tend \u00e0 mener une politique de consid\u00e9ration sur les demandes des citoyens. Elle souhaite r\u00e9pondre aux besoins du quotidien des jeunes et des plus anciens \u00e0 travers les activit\u00e9s sportives, culturelles et les \u00e9v\u00e8nements de la ville. Habitante de Louvain-la-Neuve et ensuite de Ceroux Mousty, il lui tient \u00e0 c\u0153ur de recr\u00e9er une symbiose entre les 2 entit\u00e9s de la ville. Sensible au sujet des lieux de rassemblement de toutes les g\u00e9n\u00e9rations elle se sent proche de tous les citoyens.<\/p>\n\n\n\n<p>D\u00e9termin\u00e9e, ambitieuse et femme de caract\u00e8re, Sarah sait prendre des d\u00e9cisions, communiquer mais affectionne le travail d\u2019\u00e9quipe tr\u00e8s pr\u00e9sent dans son m\u00e9tier d\u2019enseignement.<\/p>\n\n\n\n<p><strong>Ses 3 mati\u00e8res de pr\u00e9dilection\u00a0:<\/strong><\/p>\n\n\n\n<p>Jeunesse<\/p>\n\n\n\n<p>Culture <\/p>\n\n\n\n<p>Sport<\/p>\n","protected":false},"excerpt":{"rendered":"<p>30 ans, c\u00e9libataire (en couple) Ceroux Mousty Enseignante math\u00e9matiques Professeur de danse Pr\u00e9sidente de l\u2019ASBL \u00ab&nbsp;Save the Dance&nbsp;\u00bb Habitant N\u00e9o louvaniste depuis 15 ans, dipl\u00f4m\u00e9e d\u2019un&#46;&#46;&#46;<\/p>\n","protected":false},"author":1,"featured_media":0,"parent":56,"menu_order":0,"comment_status":"closed","ping_status":"closed","template":"","meta":{"footnotes":""},"class_list":["post-109","page","type-page","status-publish","hentry"],"yoast_head":"<!-- This site is optimized with the Yoast SEO plugin v23.2 - https:\/\/yoast.com\/wordpress\/plugins\/seo\/ -->\n<title>Sarah Gommidh - ImpulsionC<\/title>\n<meta name=\"robots\" content=\"index, follow, max-snippet:-1, max-image-preview:large, max-video-preview:-1\" \/>\n<link rel=\"canonical\" href=\"https:\/\/www.impulsionc.be\/index.php\/nos-candidats\/sarah-gommidh\/\" \/>\n<meta property=\"og:locale\" content=\"fr_FR\" \/>\n<meta property=\"og:type\" content=\"article\" \/>\n<meta property=\"og:title\" content=\"Sarah Gommidh - ImpulsionC\" \/>\n<meta property=\"og:description\" content=\"30 ans, c\u00e9libataire (en couple) Ceroux Mousty Enseignante math\u00e9matiques Professeur de danse Pr\u00e9sidente de l\u2019ASBL \u00ab&nbsp;Save the Dance&nbsp;\u00bb Habitant N\u00e9o louvaniste depuis 15 ans, dipl\u00f4m\u00e9e d\u2019un&#046;&#046;&#046;\" \/>\n<meta property=\"og:url\" content=\"https:\/\/www.impulsionc.be\/index.php\/nos-candidats\/sarah-gommidh\/\" \/>\n<meta property=\"og:site_name\" content=\"ImpulsionC\" \/>\n<meta property=\"article:publisher\" content=\"https:\/\/www.facebook.com\/people\/ImpulsionC\/61550514569117\/\" \/>\n<meta property=\"article:modified_time\" content=\"2024-09-23T19:48:41+00:00\" \/>\n<meta property=\"og:image\" content=\"https:\/\/www.impulsionc.be\/wp-content\/uploads\/2024\/09\/Sarah-Gommidh.jpg\" \/>\n<meta name=\"twitter:card\" content=\"summary_large_image\" \/>\n<meta name=\"twitter:label1\" content=\"Dur\u00e9e de lecture estim\u00e9e\" \/>\n\t<meta name=\"twitter:data1\" content=\"2 minutes\" \/>\n<script type=\"application\/ld+json\" class=\"yoast-schema-graph\">{\"@context\":\"https:\/\/schema.org\",\"@graph\":[{\"@type\":\"WebPage\",\"@id\":\"https:\/\/www.impulsionc.be\/index.php\/nos-candidats\/sarah-gommidh\/\",\"url\":\"https:\/\/www.impulsionc.be\/index.php\/nos-candidats\/sarah-gommidh\/\",\"name\":\"Sarah Gommidh - ImpulsionC\",\"isPartOf\":{\"@id\":\"https:\/\/www.impulsionc.be\/#website\"},\"primaryImageOfPage\":{\"@id\":\"https:\/\/www.impulsionc.be\/index.php\/nos-candidats\/sarah-gommidh\/#primaryimage\"},\"image\":{\"@id\":\"https:\/\/www.impulsionc.be\/index.php\/nos-candidats\/sarah-gommidh\/#primaryimage\"},\"thumbnailUrl\":\"https:\/\/www.impulsionc.be\/wp-content\/uploads\/2024\/09\/Sarah-Gommidh.jpg\",\"datePublished\":\"2024-09-07T08:39:41+00:00\",\"dateModified\":\"2024-09-23T19:48:41+00:00\",\"breadcrumb\":{\"@id\":\"https:\/\/www.impulsionc.be\/index.php\/nos-candidats\/sarah-gommidh\/#breadcrumb\"},\"inLanguage\":\"fr-FR\",\"potentialAction\":[{\"@type\":\"ReadAction\",\"target\":[\"https:\/\/www.impulsionc.be\/index.php\/nos-candidats\/sarah-gommidh\/\"]}]},{\"@type\":\"ImageObject\",\"inLanguage\":\"fr-FR\",\"@id\":\"https:\/\/www.impulsionc.be\/index.php\/nos-candidats\/sarah-gommidh\/#primaryimage\",\"url\":\"https:\/\/www.impulsionc.be\/wp-content\/uploads\/2024\/09\/Sarah-Gommidh.jpg\",\"contentUrl\":\"https:\/\/www.impulsionc.be\/wp-content\/uploads\/2024\/09\/Sarah-Gommidh.jpg\",\"width\":625,\"height\":625},{\"@type\":\"BreadcrumbList\",\"@id\":\"https:\/\/www.impulsionc.be\/index.php\/nos-candidats\/sarah-gommidh\/#breadcrumb\",\"itemListElement\":[{\"@type\":\"ListItem\",\"position\":1,\"name\":\"Accueil\",\"item\":\"https:\/\/www.impulsionc.be\/\"},{\"@type\":\"ListItem\",\"position\":2,\"name\":\"Nos candidats\",\"item\":\"https:\/\/www.impulsionc.be\/index.php\/nos-candidats\/\"},{\"@type\":\"ListItem\",\"position\":3,\"name\":\"Sarah Gommidh\"}]},{\"@type\":\"WebSite\",\"@id\":\"https:\/\/www.impulsionc.be\/#website\",\"url\":\"https:\/\/www.impulsionc.be\/\",\"name\":\"ImpulsionC\",\"description\":\"C\u2019est au quotidien qu\u2019on change les choses\",\"publisher\":{\"@id\":\"https:\/\/www.impulsionc.be\/#organization\"},\"potentialAction\":[{\"@type\":\"SearchAction\",\"target\":{\"@type\":\"EntryPoint\",\"urlTemplate\":\"https:\/\/www.impulsionc.be\/?s={search_term_string}\"},\"query-input\":\"required name=search_term_string\"}],\"inLanguage\":\"fr-FR\"},{\"@type\":\"Organization\",\"@id\":\"https:\/\/www.impulsionc.be\/#organization\",\"name\":\"ImpulsionC\",\"url\":\"https:\/\/www.impulsionc.be\/\",\"logo\":{\"@type\":\"ImageObject\",\"inLanguage\":\"fr-FR\",\"@id\":\"https:\/\/www.impulsionc.be\/#\/schema\/logo\/image\/\",\"url\":\"https:\/\/www.impulsionc.be\/wp-content\/uploads\/2024\/09\/cropped-cropped-Logo-couleur-baseline.png\",\"contentUrl\":\"https:\/\/www.impulsionc.be\/wp-content\/uploads\/2024\/09\/cropped-cropped-Logo-couleur-baseline.png\",\"width\":914,\"height\":241,\"caption\":\"ImpulsionC\"},\"image\":{\"@id\":\"https:\/\/www.impulsionc.be\/#\/schema\/logo\/image\/\"},\"sameAs\":[\"https:\/\/www.facebook.com\/people\/ImpulsionC\/61550514569117\/\"]}]}<\/script>\n<!-- \/ Yoast SEO plugin. -->","yoast_head_json":{"title":"Sarah Gommidh - ImpulsionC","robots":{"index":"index","follow":"follow","max-snippet":"max-snippet:-1","max-image-preview":"max-image-preview:large","max-video-preview":"max-video-preview:-1"},"canonical":"https:\/\/www.impulsionc.be\/index.php\/nos-candidats\/sarah-gommidh\/","og_locale":"fr_FR","og_type":"article","og_title":"Sarah Gommidh - ImpulsionC","og_description":"30 ans, c\u00e9libataire (en couple) Ceroux Mousty Enseignante math\u00e9matiques Professeur de danse Pr\u00e9sidente de l\u2019ASBL \u00ab&nbsp;Save the Dance&nbsp;\u00bb Habitant N\u00e9o louvaniste depuis 15 ans, dipl\u00f4m\u00e9e d\u2019un&#46;&#46;&#46;","og_url":"https:\/\/www.impulsionc.be\/index.php\/nos-candidats\/sarah-gommidh\/","og_site_name":"ImpulsionC","article_publisher":"https:\/\/www.facebook.com\/people\/ImpulsionC\/61550514569117\/","article_modified_time":"2024-09-23T19:48:41+00:00","og_image":[{"url":"https:\/\/www.impulsionc.be\/wp-content\/uploads\/2024\/09\/Sarah-Gommidh.jpg"}],"twitter_card":"summary_large_image","twitter_misc":{"Dur\u00e9e de lecture estim\u00e9e":"2 minutes"},"schema":{"@context":"https:\/\/schema.org","@graph":[{"@type":"WebPage","@id":"https:\/\/www.impulsionc.be\/index.php\/nos-candidats\/sarah-gommidh\/","url":"https:\/\/www.impulsionc.be\/index.php\/nos-candidats\/sarah-gommidh\/","name":"Sarah Gommidh - ImpulsionC","isPartOf":{"@id":"https:\/\/www.impulsionc.be\/#website"},"primaryImageOfPage":{"@id":"https:\/\/www.impulsionc.be\/index.php\/nos-candidats\/sarah-gommidh\/#primaryimage"},"image":{"@id":"https:\/\/www.impulsionc.be\/index.php\/nos-candidats\/sarah-gommidh\/#primaryimage"},"thumbnailUrl":"https:\/\/www.impulsionc.be\/wp-content\/uploads\/2024\/09\/Sarah-Gommidh.jpg","datePublished":"2024-09-07T08:39:41+00:00","dateModified":"2024-09-23T19:48:41+00:00","breadcrumb":{"@id":"https:\/\/www.impulsionc.be\/index.php\/nos-candidats\/sarah-gommidh\/#breadcrumb"},"inLanguage":"fr-FR","potentialAction":[{"@type":"ReadAction","target":["https:\/\/www.impulsionc.be\/index.php\/nos-candidats\/sarah-gommidh\/"]}]},{"@type":"ImageObject","inLanguage":"fr-FR","@id":"https:\/\/www.impulsionc.be\/index.php\/nos-candidats\/sarah-gommidh\/#primaryimage","url":"https:\/\/www.impulsionc.be\/wp-content\/uploads\/2024\/09\/Sarah-Gommidh.jpg","contentUrl":"https:\/\/www.impulsionc.be\/wp-content\/uploads\/2024\/09\/Sarah-Gommidh.jpg","width":625,"height":625},{"@type":"BreadcrumbList","@id":"https:\/\/www.impulsionc.be\/index.php\/nos-candidats\/sarah-gommidh\/#breadcrumb","itemListElement":[{"@type":"ListItem","position":1,"name":"Accueil","item":"https:\/\/www.impulsionc.be\/"},{"@type":"ListItem","position":2,"name":"Nos candidats","item":"https:\/\/www.impulsionc.be\/index.php\/nos-candidats\/"},{"@type":"ListItem","position":3,"name":"Sarah Gommidh"}]},{"@type":"WebSite","@id":"https:\/\/www.impulsionc.be\/#website","url":"https:\/\/www.impulsionc.be\/","name":"ImpulsionC","description":"C\u2019est au quotidien qu\u2019on change les choses","publisher":{"@id":"https:\/\/www.impulsionc.be\/#organization"},"potentialAction":[{"@type":"SearchAction","target":{"@type":"EntryPoint","urlTemplate":"https:\/\/www.impulsionc.be\/?s={search_term_string}"},"query-input":"required name=search_term_string"}],"inLanguage":"fr-FR"},{"@type":"Organization","@id":"https:\/\/www.impulsionc.be\/#organization","name":"ImpulsionC","url":"https:\/\/www.impulsionc.be\/","logo":{"@type":"ImageObject","inLanguage":"fr-FR","@id":"https:\/\/www.impulsionc.be\/#\/schema\/logo\/image\/","url":"https:\/\/www.impulsionc.be\/wp-content\/uploads\/2024\/09\/cropped-cropped-Logo-couleur-baseline.png","contentUrl":"https:\/\/www.impulsionc.be\/wp-content\/uploads\/2024\/09\/cropped-cropped-Logo-couleur-baseline.png","width":914,"height":241,"caption":"ImpulsionC"},"image":{"@id":"https:\/\/www.impulsionc.be\/#\/schema\/logo\/image\/"},"sameAs":["https:\/\/www.facebook.com\/people\/ImpulsionC\/61550514569117\/"]}]}},"_links":{"self":[{"href":"https:\/\/www.impulsionc.be\/index.php\/wp-json\/wp\/v2\/pages\/109","targetHints":{"allow":["GET"]}}],"collection":[{"href":"https:\/\/www.impulsionc.be\/index.php\/wp-json\/wp\/v2\/pages"}],"about":[{"href":"https:\/\/www.impulsionc.be\/index.php\/wp-json\/wp\/v2\/types\/page"}],"author":[{"embeddable":true,"href":"https:\/\/www.impulsionc.be\/index.php\/wp-json\/wp\/v2\/users\/1"}],"replies":[{"embeddable":true,"href":"https:\/\/www.impulsionc.be\/index.php\/wp-json\/wp\/v2\/comments?post=109"}],"version-history":[{"count":2,"href":"https:\/\/www.impulsionc.be\/index.php\/wp-json\/wp\/v2\/pages\/109\/revisions"}],"predecessor-version":[{"id":280,"href":"https:\/\/www.impulsionc.be\/index.php\/wp-json\/wp\/v2\/pages\/109\/revisions\/280"}],"up":[{"embeddable":true,"href":"https:\/\/www.impulsionc.be\/index.php\/wp-json\/wp\/v2\/pages\/56"}],"wp:attachment":[{"href":"https:\/\/www.impulsionc.be\/index.php\/wp-json\/wp\/v2\/media?parent=109"}],"curies":[{"name":"wp","href":"https:\/\/api.w.org\/{rel}","templated":true}]}}